{"id":90067,"date":"2025-10-28T11:38:23","date_gmt":"2025-10-28T10:38:23","guid":{"rendered":"https:\/\/sp-see.ch\/home\/news\/"},"modified":"2026-01-15T14:52:46","modified_gmt":"2026-01-15T13:52:46","slug":"news","status":"publish","type":"page","link":"https:\/\/sp-see.ch\/fr\/home\/news\/","title":{"rendered":"News"},"content":{"rendered":"\t\t<div data-elementor-type=\"wp-page\" data-elementor-id=\"90067\" class=\"elementor elementor-90067 elementor-84092\" data-elementor-post-type=\"page\">\n\t\t\t\t\t\t<section class=\"elementor-section elementor-top-section elementor-element elementor-element-9f1a212 elementor-section-boxed elementor-section-height-default elementor-section-height-default\" data-id=\"9f1a212\" data-element_type=\"section\" data-settings=\"{&quot;jet_parallax_layout_list&quot;:[],&quot;background_background&quot;:&quot;classic&quot;}\">\n\t\t\t\t\t\t<div class=\"elementor-container elementor-column-gap-wide\">\n\t\t\t\t\t<div class=\"elementor-column elementor-col-100 elementor-top-column elementor-element elementor-element-50dbb55\" data-id=\"50dbb55\" data-element_type=\"column\">\n\t\t\t<div class=\"elementor-widget-wrap elementor-element-populated\">\n\t\t\t\t\t\t<div class=\"elementor-element elementor-element-9eee34f elementor-widget elementor-widget-heading\" data-id=\"9eee34f\" data-element_type=\"widget\" data-widget_type=\"heading.default\">\n\t\t\t\t<div class=\"elementor-widget-container\">\n\t\t\t\t\t<h1 class=\"elementor-heading-title elementor-size-default\">News<\/h1>\t\t\t\t<\/div>\n\t\t\t\t<\/div>\n\t\t\n\t\t<div class=\"elementor-element elementor-element-e5dcc56 elementor-widget elementor-widget-jet-breadcrumbs\" data-id=\"e5dcc56\" data-element_type=\"widget\" data-widget_type=\"jet-breadcrumbs.default\">\n\t\t\t\t<div class=\"elementor-widget-container\">\n\t\t\t\t\t<div class=\"elementor-jet-breadcrumbs jet-blocks\">\n\t\t<div class=\"jet-breadcrumbs\">\n\t\t<div class=\"jet-breadcrumbs__content\">\n\t\t<div class=\"jet-breadcrumbs__wrap\">\n\t\t<\/div>\n\t\t<\/div>\n\t\t<\/div><\/div>\t\t\t\t<\/div>\n\t\t\t\t<\/div>\n\t\t\t\t\t<\/div>\n\t\t<\/div>\n\t\t\t\t\t<\/div>\n\t\t<\/section>\n\t\t\t\t<section class=\"elementor-section elementor-top-section elementor-element elementor-element-8739909 elementor-section-boxed elementor-section-height-default elementor-section-height-default\" data-id=\"8739909\" data-element_type=\"section\" data-settings=\"{&quot;jet_parallax_layout_list&quot;:[]}\">\n\t\t\t\t\t\t<div class=\"elementor-container elementor-column-gap-default\">\n\t\t\t\t\t<div class=\"elementor-column elementor-col-100 elementor-top-column elementor-element elementor-element-befffaf\" data-id=\"befffaf\" data-element_type=\"column\">\n\t\t\t<div class=\"elementor-widget-wrap elementor-element-populated\">\n\t\t\t\t\t\t\t<\/div>\n\t\t<\/div>\n\t\t\t\t\t<\/div>\n\t\t<\/section>\n\t\t\t\t<section class=\"elementor-section elementor-top-section elementor-element elementor-element-62f37e7 elementor-section-boxed elementor-section-height-default elementor-section-height-default\" data-id=\"62f37e7\" data-element_type=\"section\" data-settings=\"{&quot;jet_parallax_layout_list&quot;:[]}\">\n\t\t\t\t\t\t<div class=\"elementor-container elementor-column-gap-default\">\n\t\t\t\t\t<div class=\"elementor-column elementor-col-100 elementor-top-column elementor-element elementor-element-37bfa80\" data-id=\"37bfa80\" data-element_type=\"column\">\n\t\t\t<div class=\"elementor-widget-wrap elementor-element-populated\">\n\t\t\t\t\t\t<div class=\"elementor-element elementor-element-b13fc86 elementor-widget elementor-widget-spps_button_list\" data-id=\"b13fc86\" data-element_type=\"widget\" data-widget_type=\"spps_button_list.default\">\n\t\t\t\t<div class=\"elementor-widget-container\">\n\t\t\t\t\t<div class=\"button-list-wrapper wrapper-spacing-default  \"><div class=\"button-list-title\"><h2>Communiqu\u00e9 de presse, 10 janvier 2026<\/h2><\/div><div class=\"button-list-container\"><div class=\"button-list-items\"><div class=\"button-list-item\"><div class=\"button-wrapper \"><a href=\"https:\/\/sp-see.ch\/wp-content\/uploads\/sites\/3\/2026\/01\/MM-CP-Nominationen-2026-SP-GRUeNE-df.pdf\"  target=\"_self\" class=\"button-link button-link-default\" >Communiqu\u00e9 de presse concernant la c\u00e9r\u00e9monie de nomination<span class=\"button-media-date\">19.04.2026<\/span><\/a><\/div><\/div><\/div><\/div><\/div>\t\t\t\t<\/div>\n\t\t\t\t<\/div>\n\t\t\t\t\t<\/div>\n\t\t<\/div>\n\t\t\t\t\t<\/div>\n\t\t<\/section>\n\t\t\t\t<\/div>\n\t\t","protected":false},"excerpt":{"rendered":"<p>News Communiqu\u00e9 de presse, 10 janvier 2026 Communiqu\u00e9 de presse concernant la c\u00e9r\u00e9monie de nomination15.01.2026<\/p>\n","protected":false},"author":5,"featured_media":0,"parent":63,"menu_order":0,"comment_status":"closed","ping_status":"closed","template":"","meta":{"footnotes":""},"class_list":["post-90067","page","type-page","status-publish","hentry"],"_links":{"self":[{"href":"https:\/\/sp-see.ch\/fr\/wp-json\/wp\/v2\/pages\/90067","targetHints":{"allow":["GET"]}}],"collection":[{"href":"https:\/\/sp-see.ch\/fr\/wp-json\/wp\/v2\/pages"}],"about":[{"href":"https:\/\/sp-see.ch\/fr\/wp-json\/wp\/v2\/types\/page"}],"author":[{"embeddable":true,"href":"https:\/\/sp-see.ch\/fr\/wp-json\/wp\/v2\/users\/5"}],"replies":[{"embeddable":true,"href":"https:\/\/sp-see.ch\/fr\/wp-json\/wp\/v2\/comments?post=90067"}],"version-history":[{"count":4,"href":"https:\/\/sp-see.ch\/fr\/wp-json\/wp\/v2\/pages\/90067\/revisions"}],"predecessor-version":[{"id":90410,"href":"https:\/\/sp-see.ch\/fr\/wp-json\/wp\/v2\/pages\/90067\/revisions\/90410"}],"up":[{"embeddable":true,"href":"https:\/\/sp-see.ch\/fr\/wp-json\/wp\/v2\/pages\/63"}],"wp:attachment":[{"href":"https:\/\/sp-see.ch\/fr\/wp-json\/wp\/v2\/media?parent=90067"}],"curies":[{"name":"wp","href":"https:\/\/api.w.org\/{rel}","templated":true}]}}