{"id":89864,"date":"2023-02-09T14:48:09","date_gmt":"2023-02-09T13:48:09","guid":{"rendered":"https:\/\/sp-see.ch\/parti\/positionspapiere\/"},"modified":"2026-01-09T16:53:57","modified_gmt":"2026-01-09T15:53:57","slug":"positionspapiere","status":"publish","type":"page","link":"https:\/\/sp-see.ch\/fr\/parti\/positionspapiere\/","title":{"rendered":"Positions"},"content":{"rendered":"\t\t<div data-elementor-type=\"wp-page\" data-elementor-id=\"89864\" class=\"elementor elementor-89864 elementor-84267\" data-elementor-post-type=\"page\">\n\t\t\t\t\t\t<section class=\"elementor-section elementor-top-section elementor-element elementor-element-adaf89b elementor-section-boxed elementor-section-height-default elementor-section-height-default\" data-id=\"adaf89b\" data-element_type=\"section\" data-settings=\"{&quot;jet_parallax_layout_list&quot;:[],&quot;background_background&quot;:&quot;classic&quot;}\">\n\t\t\t\t\t\t<div class=\"elementor-container elementor-column-gap-wide\">\n\t\t\t\t\t<div class=\"elementor-column elementor-col-100 elementor-top-column elementor-element elementor-element-ed9bf02\" data-id=\"ed9bf02\" data-element_type=\"column\">\n\t\t\t<div class=\"elementor-widget-wrap elementor-element-populated\">\n\t\t\t\t\t\t<div class=\"elementor-element elementor-element-4a3e421 elementor-widget elementor-widget-heading\" data-id=\"4a3e421\" data-element_type=\"widget\" data-widget_type=\"heading.default\">\n\t\t\t\t<div class=\"elementor-widget-container\">\n\t\t\t\t\t<h1 class=\"elementor-heading-title elementor-size-default\">Positions<\/h1>\t\t\t\t<\/div>\n\t\t\t\t<\/div>\n\t\t\n\t\t<div class=\"elementor-element elementor-element-a178380 elementor-widget__width-initial elementor-widget elementor-widget-text-editor\" data-id=\"a178380\" data-element_type=\"widget\" data-widget_type=\"text-editor.default\">\n\t\t\t\t<div class=\"elementor-widget-container\">\n\t\t\t\t\t\t\t\t\t<p>Conform\u00e9ment \u00e0 sa devise \u00ab Pour tous, pas pour quelques-uns \u00bb, le mouvement social-d\u00e9mocrate suisse lutte depuis plus de 150 ans pour des salaires d\u00e9cents et des conditions d&#8217;emploi \u00e9quitables. Notre section accorde en outre une importance particuli\u00e8re aux questions suivantes.<\/p>\n\t\t\t\t\t\t\t\t<\/div>\n\t\t\t\t<\/div>\n\t\t\t\t\t<\/div>\n\t\t<\/div>\n\t\t\t\t\t<\/div>\n\t\t<\/section>\n\t\t\t\t<section class=\"elementor-section elementor-top-section elementor-element elementor-element-3d3075c elementor-section-boxed elementor-section-height-default elementor-section-height-default\" data-id=\"3d3075c\" data-element_type=\"section\" data-settings=\"{&quot;jet_parallax_layout_list&quot;:[]}\">\n\t\t\t\t\t\t<div class=\"elementor-container elementor-column-gap-default\">\n\t\t\t\t\t<div class=\"elementor-column elementor-col-100 elementor-top-column elementor-element elementor-element-a031249\" data-id=\"a031249\" data-element_type=\"column\">\n\t\t\t<div class=\"elementor-widget-wrap elementor-element-populated\">\n\t\t\t\t\t\t<div class=\"elementor-element elementor-element-06fe7d9 elementor-widget elementor-widget-accordion\" data-id=\"06fe7d9\" data-element_type=\"widget\" data-widget_type=\"accordion.default\">\n\t\t\t\t<div class=\"elementor-widget-container\">\n\t\t\t\t\t\t\t<div class=\"elementor-accordion\">\n\t\t\t\t\t\t\t<div class=\"elementor-accordion-item\">\n\t\t\t\t\t<div id=\"elementor-tab-title-7331\" class=\"elementor-tab-title\" data-tab=\"1\" role=\"button\" aria-controls=\"elementor-tab-content-7331\" aria-expanded=\"false\">\n\t\t\t\t\t\t\t\t\t\t\t\t\t<span class=\"elementor-accordion-icon elementor-accordion-icon-left\" aria-hidden=\"true\">\n\t\t\t\t\t\t\t\t\t\t\t\t\t\t\t<span class=\"elementor-accordion-icon-closed\"><i class=\"fas fa-plus\"><\/i><\/span>\n\t\t\t\t\t\t\t\t<span class=\"elementor-accordion-icon-opened\"><i class=\"fas fa-minus\"><\/i><\/span>\n\t\t\t\t\t\t\t\t\t\t\t\t\t\t<\/span>\n\t\t\t\t\t\t\t\t\t\t\t\t<a class=\"elementor-accordion-title\" tabindex=\"0\">Service public<\/a>\n\t\t\t\t\t<\/div>\n\t\t\t\t\t<div id=\"elementor-tab-content-7331\" class=\"elementor-tab-content elementor-clearfix\" data-tab=\"1\" role=\"region\" aria-labelledby=\"elementor-tab-title-7331\"><p>Nous nous engageons en faveur d&#8217;un \u00c9tat fort et d&#8217;un service public de qualit\u00e9. Nous n&#8217;entendons pas seulement par l\u00e0 un r\u00e9seau de transports publics bien d\u00e9velopp\u00e9. Un \u00c9tat fort permet en effet \u00e0 tous les habitants de participer \u00e0 la prosp\u00e9rit\u00e9. Nous nous engageons en faveur d&#8217;\u00e9coles modernes, de terrains et de salles de sport, d&#8217;\u00e9coles de musique et d&#8217;infrastructures de loisirs vari\u00e9es telles que des piscines, des patinoires et des halls de glace. Nous soutenons l&#8217;offre culturelle cr\u00e9ative de la ville ainsi que les concerts, les \u00e9v\u00e9nements sportifs et autres manifestations exceptionnelles auxquels tout le monde peut participer, et pas seulement les plus ais\u00e9s.<\/p>\n<\/div>\n\t\t\t\t<\/div>\n\t\t\t\t\t\t\t<div class=\"elementor-accordion-item\">\n\t\t\t\t\t<div id=\"elementor-tab-title-7332\" class=\"elementor-tab-title\" data-tab=\"2\" role=\"button\" aria-controls=\"elementor-tab-content-7332\" aria-expanded=\"false\">\n\t\t\t\t\t\t\t\t\t\t\t\t\t<span class=\"elementor-accordion-icon elementor-accordion-icon-left\" aria-hidden=\"true\">\n\t\t\t\t\t\t\t\t\t\t\t\t\t\t\t<span class=\"elementor-accordion-icon-closed\"><i class=\"fas fa-plus\"><\/i><\/span>\n\t\t\t\t\t\t\t\t<span class=\"elementor-accordion-icon-opened\"><i class=\"fas fa-minus\"><\/i><\/span>\n\t\t\t\t\t\t\t\t\t\t\t\t\t\t<\/span>\n\t\t\t\t\t\t\t\t\t\t\t\t<a class=\"elementor-accordion-title\" tabindex=\"0\">\u00e9galit\u00e9 des chances<\/a>\n\t\t\t\t\t<\/div>\n\t\t\t\t\t<div id=\"elementor-tab-content-7332\" class=\"elementor-tab-content elementor-clearfix\" data-tab=\"2\" role=\"region\" aria-labelledby=\"elementor-tab-title-7332\"><p>L&#8217;\u00e9galit\u00e9 des chances nous tient particuli\u00e8rement \u00e0 c\u0153ur. Cela ne signifie pas seulement l&#8217;\u00e9galit\u00e9 entre les hommes et les femmes, mais aussi, par exemple, que l&#8217;\u00e9ducation doit \u00eatre accessible et abordable pour tous. L&#8217;enseignement sup\u00e9rieur ne doit pas \u00eatre r\u00e9serv\u00e9 aux seuls plus ais\u00e9s.<\/p>\n<\/div>\n\t\t\t\t<\/div>\n\t\t\t\t\t\t\t<div class=\"elementor-accordion-item\">\n\t\t\t\t\t<div id=\"elementor-tab-title-7333\" class=\"elementor-tab-title\" data-tab=\"3\" role=\"button\" aria-controls=\"elementor-tab-content-7333\" aria-expanded=\"false\">\n\t\t\t\t\t\t\t\t\t\t\t\t\t<span class=\"elementor-accordion-icon elementor-accordion-icon-left\" aria-hidden=\"true\">\n\t\t\t\t\t\t\t\t\t\t\t\t\t\t\t<span class=\"elementor-accordion-icon-closed\"><i class=\"fas fa-plus\"><\/i><\/span>\n\t\t\t\t\t\t\t\t<span class=\"elementor-accordion-icon-opened\"><i class=\"fas fa-minus\"><\/i><\/span>\n\t\t\t\t\t\t\t\t\t\t\t\t\t\t<\/span>\n\t\t\t\t\t\t\t\t\t\t\t\t<a class=\"elementor-accordion-title\" tabindex=\"0\">Nature et environnement<\/a>\n\t\t\t\t\t<\/div>\n\t\t\t\t\t<div id=\"elementor-tab-content-7333\" class=\"elementor-tab-content elementor-clearfix\" data-tab=\"3\" role=\"region\" aria-labelledby=\"elementor-tab-title-7333\"><p>Le mouvement social-d\u00e9mocrate s&#8217;engage depuis toujours en faveur d&#8217;une meilleure protection de l&#8217;environnement et du climat. Le changement climatique est d\u00e9j\u00e0 perceptible ici, dans notre ville. Nous sommes nombreux \u00e0 appr\u00e9cier particuli\u00e8rement la vie ici, dans le Seeland, en raison de la nature. Nous voulons pr\u00e9server cela, nous voulons un tourisme doux et une politique \u00e9conomique respectueuse de l&#8217;environnement.<\/p>\n<\/div>\n\t\t\t\t<\/div>\n\t\t\t\t\t\t\t<div class=\"elementor-accordion-item\">\n\t\t\t\t\t<div id=\"elementor-tab-title-7334\" class=\"elementor-tab-title\" data-tab=\"4\" role=\"button\" aria-controls=\"elementor-tab-content-7334\" aria-expanded=\"false\">\n\t\t\t\t\t\t\t\t\t\t\t\t\t<span class=\"elementor-accordion-icon elementor-accordion-icon-left\" aria-hidden=\"true\">\n\t\t\t\t\t\t\t\t\t\t\t\t\t\t\t<span class=\"elementor-accordion-icon-closed\"><i class=\"fas fa-plus\"><\/i><\/span>\n\t\t\t\t\t\t\t\t<span class=\"elementor-accordion-icon-opened\"><i class=\"fas fa-minus\"><\/i><\/span>\n\t\t\t\t\t\t\t\t\t\t\t\t\t\t<\/span>\n\t\t\t\t\t\t\t\t\t\t\t\t<a class=\"elementor-accordion-title\" tabindex=\"0\">Des structures modernes<\/a>\n\t\t\t\t\t<\/div>\n\t\t\t\t\t<div id=\"elementor-tab-content-7334\" class=\"elementor-tab-content elementor-clearfix\" data-tab=\"4\" role=\"region\" aria-labelledby=\"elementor-tab-title-7334\"><p>Afin d&#8217;am\u00e9liorer la qualit\u00e9 de vie et le sentiment de libert\u00e9 de la population, nous nous engageons en faveur de structures modernes. Nous demandons la mise en place de cantines scolaires et de structures d&#8217;accueil pour les enfants pour tous, ainsi que des \u00e9tablissements modernes pour les personnes \u00e2g\u00e9es et des espaces communautaires adapt\u00e9s. Jeunes ou moins jeunes, toutes les personnes, \u00e0 toutes les \u00e9tapes de leur vie, doivent pouvoir participer \u00e0 la vie communautaire.<\/p>\n<\/div>\n\t\t\t\t<\/div>\n\t\t\t\t\t\t\t<div class=\"elementor-accordion-item\">\n\t\t\t\t\t<div id=\"elementor-tab-title-7335\" class=\"elementor-tab-title\" data-tab=\"5\" role=\"button\" aria-controls=\"elementor-tab-content-7335\" aria-expanded=\"false\">\n\t\t\t\t\t\t\t\t\t\t\t\t\t<span class=\"elementor-accordion-icon elementor-accordion-icon-left\" aria-hidden=\"true\">\n\t\t\t\t\t\t\t\t\t\t\t\t\t\t\t<span class=\"elementor-accordion-icon-closed\"><i class=\"fas fa-plus\"><\/i><\/span>\n\t\t\t\t\t\t\t\t<span class=\"elementor-accordion-icon-opened\"><i class=\"fas fa-minus\"><\/i><\/span>\n\t\t\t\t\t\t\t\t\t\t\t\t\t\t<\/span>\n\t\t\t\t\t\t\t\t\t\t\t\t<a class=\"elementor-accordion-title\" tabindex=\"0\">Une infrastructure moderne<\/a>\n\t\t\t\t\t<\/div>\n\t\t\t\t\t<div id=\"elementor-tab-content-7335\" class=\"elementor-tab-content elementor-clearfix\" data-tab=\"5\" role=\"region\" aria-labelledby=\"elementor-tab-title-7335\"><p>Notre r\u00e9gion a besoin d&#8217;une infrastructure moderne. Cela profitera \u00e0 la population locale et aux entreprises. Les innovations et le d\u00e9veloppement durable permettront de pr\u00e9server les emplois et de lutter ainsi contre l&#8217;exode rural.<\/p>\n<p>En accord avec la politique \u00e9nerg\u00e9tique cantonale, nous nous engageons en faveur d&#8217;un approvisionnement \u00e9nerg\u00e9tique d\u00e9centralis\u00e9 et \u00e9co-efficace (photovolta\u00efque, \u00e9nergie hydraulique, biomasse, r\u00e9novation des b\u00e2timents) dans le but de remplacer les \u00e9nergies fossiles.<\/p>\n<p>&nbsp;<\/p>\n<\/div>\n\t\t\t\t<\/div>\n\t\t\t\t\t\t\t<div class=\"elementor-accordion-item\">\n\t\t\t\t\t<div id=\"elementor-tab-title-7336\" class=\"elementor-tab-title\" data-tab=\"6\" role=\"button\" aria-controls=\"elementor-tab-content-7336\" aria-expanded=\"false\">\n\t\t\t\t\t\t\t\t\t\t\t\t\t<span class=\"elementor-accordion-icon elementor-accordion-icon-left\" aria-hidden=\"true\">\n\t\t\t\t\t\t\t\t\t\t\t\t\t\t\t<span class=\"elementor-accordion-icon-closed\"><i class=\"fas fa-plus\"><\/i><\/span>\n\t\t\t\t\t\t\t\t<span class=\"elementor-accordion-icon-opened\"><i class=\"fas fa-minus\"><\/i><\/span>\n\t\t\t\t\t\t\t\t\t\t\t\t\t\t<\/span>\n\t\t\t\t\t\t\t\t\t\t\t\t<a class=\"elementor-accordion-title\" tabindex=\"0\">Ouvert et tol\u00e9rant<\/a>\n\t\t\t\t\t<\/div>\n\t\t\t\t\t<div id=\"elementor-tab-content-7336\" class=\"elementor-tab-content elementor-clearfix\" data-tab=\"6\" role=\"region\" aria-labelledby=\"elementor-tab-title-7336\"><p>Ici, tout le monde peut se sentir \u00e0 l&#8217;aise, qu&#8217;il soit originaire de Morat ou nouvellement arriv\u00e9. Nous pr\u00f4nons une cohabitation ouverte, tol\u00e9rante et respectueuse.<\/p>\n<p>Nous nous sentons li\u00e9s au pr\u00e9ambule de notre Constitution f\u00e9d\u00e9rale : \u00ab La force d&#8217;un peuple se mesure au bien-\u00eatre des plus faibles \u00bb. Nous respectons les opinions diff\u00e9rentes, nous allons volontiers \u00e0 la rencontre de ceux qui pensent autrement afin de discuter des probl\u00e8mes avec eux et de trouver ensemble des solutions viables.<\/p>\n<\/div>\n\t\t\t\t<\/div>\n\t\t\t\t\t\t\t<div class=\"elementor-accordion-item\">\n\t\t\t\t\t<div id=\"elementor-tab-title-7337\" class=\"elementor-tab-title\" data-tab=\"7\" role=\"button\" aria-controls=\"elementor-tab-content-7337\" aria-expanded=\"false\">\n\t\t\t\t\t\t\t\t\t\t\t\t\t<span class=\"elementor-accordion-icon elementor-accordion-icon-left\" aria-hidden=\"true\">\n\t\t\t\t\t\t\t\t\t\t\t\t\t\t\t<span class=\"elementor-accordion-icon-closed\"><i class=\"fas fa-plus\"><\/i><\/span>\n\t\t\t\t\t\t\t\t<span class=\"elementor-accordion-icon-opened\"><i class=\"fas fa-minus\"><\/i><\/span>\n\t\t\t\t\t\t\t\t\t\t\t\t\t\t<\/span>\n\t\t\t\t\t\t\t\t\t\t\t\t<a class=\"elementor-accordion-title\" tabindex=\"0\">Pr\u00e9occupations r\u00e9gionales<\/a>\n\t\t\t\t\t<\/div>\n\t\t\t\t\t<div id=\"elementor-tab-content-7337\" class=\"elementor-tab-content elementor-clearfix\" data-tab=\"7\" role=\"region\" aria-labelledby=\"elementor-tab-title-7337\"><ul>\n<li>Assistance sociale pour tous<\/li>\n<li>Centre-ville de Morat \u00e0 circulation r\u00e9duite<\/li>\n<li>Promouvoir la r\u00e9gionalisation des t\u00e2ches et les fusions de communes<\/li>\n<li>Garantir une offre \u00e9ducative de qualit\u00e9 et promouvoir le bilinguisme<\/li>\n<\/ul>\n<\/div>\n\t\t\t\t<\/div>\n\t\t\t\t\t\t\t\t<\/div>\n\t\t\t\t\t\t<\/div>\n\t\t\t\t<\/div>\n\t\t\t\t\t<\/div>\n\t\t<\/div>\n\t\t\t\t\t<\/div>\n\t\t<\/section>\n\t\t\t\t<section class=\"elementor-section elementor-top-section elementor-element elementor-element-26b560c elementor-section-boxed elementor-section-height-default elementor-section-height-default\" data-id=\"26b560c\" data-element_type=\"section\" data-settings=\"{&quot;jet_parallax_layout_list&quot;:[]}\">\n\t\t\t\t\t\t<div class=\"elementor-container elementor-column-gap-default\">\n\t\t\t\t\t<div class=\"elementor-column elementor-col-100 elementor-top-column elementor-element elementor-element-8abc22f\" data-id=\"8abc22f\" data-element_type=\"column\">\n\t\t\t<div class=\"elementor-widget-wrap elementor-element-populated\">\n\t\t\t\t\t\t<div class=\"elementor-element elementor-element-7a112bb elementor-widget elementor-widget-spps_button_list\" data-id=\"7a112bb\" data-element_type=\"widget\" data-widget_type=\"spps_button_list.default\">\n\t\t\t\t<div class=\"elementor-widget-container\">\n\t\t\t\t\t<div class=\"button-list-wrapper wrapper-spacing-small  \"><div class=\"button-list-title\"><h3>Informations sur le PS See<\/h3><\/div><div class=\"button-list-container\"><div class=\"button-list-items\"><div class=\"button-list-item\"><div class=\"button-wrapper \"><a href=\"https:\/\/sp-see.ch\/wp-content\/uploads\/sites\/3\/2026\/01\/Jahresbericht-SP-See-Rapport-Annuel-PS-Lac.pdf\"  target=\"_self\" class=\"button-link button-link-default\" >Rapport annuel 2024 SP See<span class=\"button-media-date\">12.04.2026<\/span><\/a><\/div><\/div><div class=\"button-list-item\"><div class=\"button-wrapper \"><a href=\"https:\/\/sp-see.ch\/wp-content\/uploads\/sites\/3\/2024\/08\/sp_see_statuten_2015.pdf\"  target=\"_self\" class=\"button-link button-link-default\" >Statuts du PS See (\u00e9tat : 2015)<span class=\"button-media-date\">12.04.2026<\/span><\/a><\/div><\/div><\/div><\/div><\/div>\t\t\t\t<\/div>\n\t\t\t\t<\/div>\n\t\t\t\t\t<\/div>\n\t\t<\/div>\n\t\t\t\t\t<\/div>\n\t\t<\/section>\n\t\t\t\t<\/div>\n\t\t","protected":false},"excerpt":{"rendered":"<p>Positions Conform\u00e9ment \u00e0 sa devise \u00ab Pour tous, pas pour quelques-uns \u00bb, le mouvement social-d\u00e9mocrate suisse lutte depuis plus de 150 ans pour des salaires d\u00e9cents et des conditions d&#8217;emploi [&hellip;]<\/p>\n","protected":false},"author":5,"featured_media":0,"parent":30425,"menu_order":0,"comment_status":"closed","ping_status":"closed","template":"","meta":{"footnotes":""},"class_list":["post-89864","page","type-page","status-publish","hentry"],"_links":{"self":[{"href":"https:\/\/sp-see.ch\/fr\/wp-json\/wp\/v2\/pages\/89864","targetHints":{"allow":["GET"]}}],"collection":[{"href":"https:\/\/sp-see.ch\/fr\/wp-json\/wp\/v2\/pages"}],"about":[{"href":"https:\/\/sp-see.ch\/fr\/wp-json\/wp\/v2\/types\/page"}],"author":[{"embeddable":true,"href":"https:\/\/sp-see.ch\/fr\/wp-json\/wp\/v2\/users\/5"}],"replies":[{"embeddable":true,"href":"https:\/\/sp-see.ch\/fr\/wp-json\/wp\/v2\/comments?post=89864"}],"version-history":[{"count":12,"href":"https:\/\/sp-see.ch\/fr\/wp-json\/wp\/v2\/pages\/89864\/revisions"}],"predecessor-version":[{"id":90288,"href":"https:\/\/sp-see.ch\/fr\/wp-json\/wp\/v2\/pages\/89864\/revisions\/90288"}],"up":[{"embeddable":true,"href":"https:\/\/sp-see.ch\/fr\/wp-json\/wp\/v2\/pages\/30425"}],"wp:attachment":[{"href":"https:\/\/sp-see.ch\/fr\/wp-json\/wp\/v2\/media?parent=89864"}],"curies":[{"name":"wp","href":"https:\/\/api.w.org\/{rel}","templated":true}]}}