{"id":86960,"date":"2023-06-01T16:03:43","date_gmt":"2023-06-01T14:03:43","guid":{"rendered":"https:\/\/spbe.spschweiz.ch\/parti\/ps-60-berne\/"},"modified":"2023-06-01T16:03:43","modified_gmt":"2023-06-01T14:03:43","slug":"ps-60-berne","status":"publish","type":"page","link":"https:\/\/sp-see.ch\/fr\/parti\/ps-60-berne\/","title":{"rendered":"PS 60+ Berne"},"content":{"rendered":"\t\t<div data-elementor-type=\"wp-page\" data-elementor-id=\"86960\" class=\"elementor elementor-86960\" data-elementor-post-type=\"page\">\n\t\t\t\t\t\t<section class=\"elementor-section elementor-top-section elementor-element elementor-element-f9c2ddd elementor-section-boxed elementor-section-height-default elementor-section-height-default\" data-id=\"f9c2ddd\" data-element_type=\"section\" data-settings=\"{&quot;jet_parallax_layout_list&quot;:[],&quot;background_background&quot;:&quot;classic&quot;}\">\n\t\t\t\t\t\t<div class=\"elementor-container elementor-column-gap-wide\">\n\t\t\t\t\t<div class=\"elementor-column elementor-col-100 elementor-top-column elementor-element elementor-element-afd9e2d\" data-id=\"afd9e2d\" data-element_type=\"column\">\n\t\t\t<div class=\"elementor-widget-wrap elementor-element-populated\">\n\t\t\t\t\t\t<div class=\"elementor-element elementor-element-fa86f95 elementor-widget elementor-widget-heading\" data-id=\"fa86f95\" data-element_type=\"widget\" data-widget_type=\"heading.default\">\n\t\t\t\t<div class=\"elementor-widget-container\">\n\t\t\t\t\t<h1 class=\"elementor-heading-title elementor-size-default\">PS 60+ Berne<\/h1>\t\t\t\t<\/div>\n\t\t\t\t<\/div>\n\t\t\n\t\t<div class=\"elementor-element elementor-element-db53311 elementor-widget elementor-widget-jet-breadcrumbs\" data-id=\"db53311\" data-element_type=\"widget\" data-widget_type=\"jet-breadcrumbs.default\">\n\t\t\t\t<div class=\"elementor-widget-container\">\n\t\t\t\t\t<div class=\"elementor-jet-breadcrumbs jet-blocks\">\n\t\t<div class=\"jet-breadcrumbs\">\n\t\t<div class=\"jet-breadcrumbs__content\">\n\t\t<div class=\"jet-breadcrumbs__wrap\">\n\t\t<\/div>\n\t\t<\/div>\n\t\t<\/div><\/div>\t\t\t\t<\/div>\n\t\t\t\t<\/div>\n\t\t\t\t<div class=\"elementor-element elementor-element-e527358 elementor-widget__width-initial elementor-widget elementor-widget-text-editor\" data-id=\"e527358\" data-element_type=\"widget\" data-widget_type=\"text-editor.default\">\n\t\t\t\t<div class=\"elementor-widget-container\">\n\t\t\t\t\t\t\t\t\t<p>Le PS60+ repr\u00e9sente, en fonction de leurs exp\u00e9riences et de leur mode de vie, le point de vue des s\u00e9niors sur toutes les questions politiques. Ils transmettent leur avis aux instances comp\u00e9tentes, le cas \u00e9ch\u00e9ant par le biais d\u2019interventions politiques.<\/p>\n\t\t\t\t\t\t\t\t<\/div>\n\t\t\t\t<\/div>\n\t\t\t\t\t<\/div>\n\t\t<\/div>\n\t\t\t\t\t<\/div>\n\t\t<\/section>\n\t\t\t\t<section class=\"elementor-section elementor-top-section elementor-element elementor-element-414b804 elementor-section-boxed elementor-section-height-default elementor-section-height-default\" data-id=\"414b804\" data-element_type=\"section\" data-settings=\"{&quot;jet_parallax_layout_list&quot;:[]}\">\n\t\t\t\t\t\t<div class=\"elementor-container elementor-column-gap-default\">\n\t\t\t\t\t<div class=\"elementor-column elementor-col-100 elementor-top-column elementor-element elementor-element-d0e6ba0\" data-id=\"d0e6ba0\" data-element_type=\"column\">\n\t\t\t<div class=\"elementor-widget-wrap elementor-element-populated\">\n\t\t\t\t\t\t<div class=\"elementor-element elementor-element-f0c4ac9 elementor-widget elementor-widget-spps_title_text\" data-id=\"f0c4ac9\" data-element_type=\"widget\" data-widget_type=\"spps_title_text.default\">\n\t\t\t\t<div class=\"elementor-widget-container\">\n\t\t\t\t\t<div class=\"title-text-wrapper wrapper-spacing-default\"><div class=\"title-text-title\"><h2>Qui sommes-nous?<\/h2><\/div><div class=\"title-text-container\"><div class=\"title-text-text\"><p>Le comit\u00e9 du PS60+ existe depuis novembre 2015. Il est form\u00e9 de membres des groupes r\u00e9gionaux actifs, lesquels organisent leurs propres \u00e9v\u00e9nements et activit\u00e9s.<\/p>\n<\/div><\/div><\/div>\t\t\t\t<\/div>\n\t\t\t\t<\/div>\n\t\t\t\t<div class=\"elementor-element elementor-element-595499c elementor-widget elementor-widget-spps_title_text\" data-id=\"595499c\" data-element_type=\"widget\" data-widget_type=\"spps_title_text.default\">\n\t\t\t\t<div class=\"elementor-widget-container\">\n\t\t\t\t\t<div class=\"title-text-wrapper \"><div class=\"title-text-title\"><h2>Quels sont nos buts ?<\/h2><\/div><div class=\"title-text-container\"><div class=\"title-text-text\"><ul>\n<li>Le PS60+ repr\u00e9sente le point de vue des s\u00e9niors en fonction de leurs exp\u00e9riences et de leur mode de vie.<\/li>\n<li>Pour autant, il ne se limite pas \u00e0 d\u00e9fendre les int\u00e9r\u00eats sp\u00e9cifiques \u00e0 leur g\u00e9n\u00e9ration, il fait aussi preuve de solidarit\u00e9 envers les plus jeunes.<\/li>\n<li>Il lutte pour l\u2019\u00e9galit\u00e9 des droits, l\u2019autod\u00e9termination et le respect de la dignit\u00e9 des personnes \u00e2g\u00e9es au sein de la soci\u00e9t\u00e9.<\/li>\n<li>Il encourage les camarades s\u00e9niors \u00e0 participer activement aux \u00e9v\u00e9nements sociaux et politiques.<\/li>\n<li>Il diffuse et promeut ses id\u00e9es sur la politique de la vieillesse au sein du parti comme de la soci\u00e9t\u00e9.<\/li>\n<li>Le PS60+ prend position sur des questions politiques \u00e0 l\u2019attention du PS Suisse et des structures du parti au niveau cantonal, r\u00e9gional ou local.<\/li>\n<li>Il participe \u00e0 la formation de la volont\u00e9 politique \u00e0 l\u2019int\u00e9rieur et \u00e0 l\u2019ext\u00e9rieur du parti.<br \/>(D\u00e9finition du PS Suisse)<\/li>\n<\/ul>\n<\/div><\/div><\/div>\t\t\t\t<\/div>\n\t\t\t\t<\/div>\n\t\t\t\t\t<\/div>\n\t\t<\/div>\n\t\t\t\t\t<\/div>\n\t\t<\/section>\n\t\t\t\t<section class=\"elementor-section elementor-top-section elementor-element elementor-element-6edb716 elementor-section-boxed elementor-section-height-default elementor-section-height-default\" data-id=\"6edb716\" data-element_type=\"section\" data-settings=\"{&quot;jet_parallax_layout_list&quot;:[]}\">\n\t\t\t\t\t\t<div class=\"elementor-container elementor-column-gap-default\">\n\t\t\t\t\t<div class=\"elementor-column elementor-col-100 elementor-top-column elementor-element elementor-element-7c11f67\" data-id=\"7c11f67\" data-element_type=\"column\">\n\t\t\t<div class=\"elementor-widget-wrap\">\n\t\t\t\t\t\t\t<\/div>\n\t\t<\/div>\n\t\t\t\t\t<\/div>\n\t\t<\/section>\n\t\t\t\t<\/div>\n\t\t","protected":false},"excerpt":{"rendered":"<p>PS 60+ Berne Le PS60+ repr\u00e9sente, en fonction de leurs exp\u00e9riences et de leur mode de vie, le point de vue des s\u00e9niors sur toutes les questions politiques. Ils transmettent [&hellip;]<\/p>\n","protected":false},"author":5,"featured_media":0,"parent":30425,"menu_order":0,"comment_status":"closed","ping_status":"closed","template":"","meta":{"footnotes":""},"class_list":["post-86960","page","type-page","status-publish","hentry"],"_links":{"self":[{"href":"https:\/\/sp-see.ch\/fr\/wp-json\/wp\/v2\/pages\/86960","targetHints":{"allow":["GET"]}}],"collection":[{"href":"https:\/\/sp-see.ch\/fr\/wp-json\/wp\/v2\/pages"}],"about":[{"href":"https:\/\/sp-see.ch\/fr\/wp-json\/wp\/v2\/types\/page"}],"author":[{"embeddable":true,"href":"https:\/\/sp-see.ch\/fr\/wp-json\/wp\/v2\/users\/5"}],"replies":[{"embeddable":true,"href":"https:\/\/sp-see.ch\/fr\/wp-json\/wp\/v2\/comments?post=86960"}],"version-history":[{"count":1,"href":"https:\/\/sp-see.ch\/fr\/wp-json\/wp\/v2\/pages\/86960\/revisions"}],"predecessor-version":[{"id":86961,"href":"https:\/\/sp-see.ch\/fr\/wp-json\/wp\/v2\/pages\/86960\/revisions\/86961"}],"up":[{"embeddable":true,"href":"https:\/\/sp-see.ch\/fr\/wp-json\/wp\/v2\/pages\/30425"}],"wp:attachment":[{"href":"https:\/\/sp-see.ch\/fr\/wp-json\/wp\/v2\/media?parent=86960"}],"curies":[{"name":"wp","href":"https:\/\/api.w.org\/{rel}","templated":true}]}}