{"id":86953,"date":"2023-05-31T15:48:52","date_gmt":"2023-05-31T13:48:52","guid":{"rendered":"https:\/\/spbe.spschweiz.ch\/personnes\/comite-directeur\/"},"modified":"2026-01-09T16:53:41","modified_gmt":"2026-01-09T15:53:41","slug":"comite-directeur","status":"publish","type":"page","link":"https:\/\/sp-see.ch\/fr\/personnes\/comite-directeur\/","title":{"rendered":"Comit\u00e9 directeur"},"content":{"rendered":"\t\t<div data-elementor-type=\"wp-page\" data-elementor-id=\"86953\" class=\"elementor elementor-86953 elementor-84146\" data-elementor-post-type=\"page\">\n\t\t\t\t\t\t<section class=\"elementor-section elementor-top-section elementor-element elementor-element-603adb1 elementor-section-boxed elementor-section-height-default elementor-section-height-default\" data-id=\"603adb1\" data-element_type=\"section\" data-settings=\"{&quot;jet_parallax_layout_list&quot;:[],&quot;background_background&quot;:&quot;classic&quot;}\">\n\t\t\t\t\t\t<div class=\"elementor-container elementor-column-gap-wide\">\n\t\t\t\t\t<div class=\"elementor-column elementor-col-100 elementor-top-column elementor-element elementor-element-b25c69f\" data-id=\"b25c69f\" data-element_type=\"column\">\n\t\t\t<div class=\"elementor-widget-wrap elementor-element-populated\">\n\t\t\t\t\t\t<div class=\"elementor-element elementor-element-0e9cdfb elementor-widget elementor-widget-heading\" data-id=\"0e9cdfb\" data-element_type=\"widget\" data-widget_type=\"heading.default\">\n\t\t\t\t<div class=\"elementor-widget-container\">\n\t\t\t\t\t<h1 class=\"elementor-heading-title elementor-size-default\">Comit\u00e9 directeur<\/h1>\t\t\t\t<\/div>\n\t\t\t\t<\/div>\n\t\t\n\t\t<div class=\"elementor-element elementor-element-4c612fe elementor-widget elementor-widget-jet-breadcrumbs\" data-id=\"4c612fe\" data-element_type=\"widget\" data-widget_type=\"jet-breadcrumbs.default\">\n\t\t\t\t<div class=\"elementor-widget-container\">\n\t\t\t\t\t<div class=\"elementor-jet-breadcrumbs jet-blocks\">\n\t\t<div class=\"jet-breadcrumbs\">\n\t\t<div class=\"jet-breadcrumbs__content\">\n\t\t<div class=\"jet-breadcrumbs__wrap\">\n\t\t<\/div>\n\t\t<\/div>\n\t\t<\/div><\/div>\t\t\t\t<\/div>\n\t\t\t\t<\/div>\n\t\t\t\t<div class=\"elementor-element elementor-element-4b197a1 elementor-widget__width-initial elementor-widget elementor-widget-text-editor\" data-id=\"4b197a1\" data-element_type=\"widget\" data-widget_type=\"text-editor.default\">\n\t\t\t\t<div class=\"elementor-widget-container\">\n\t\t\t\t\t\t\t\t\t<p>Le comit\u00e9 directeur est responsable de la gestion strat\u00e9gique de la section. Il d\u00e9cide des lignes directrices politiques et des campagnes de votation et d&#8217;\u00e9lection.<\/p>\n\t\t\t\t\t\t\t\t<\/div>\n\t\t\t\t<\/div>\n\t\t\t\t\t<\/div>\n\t\t<\/div>\n\t\t\t\t\t<\/div>\n\t\t<\/section>\n\t\t\t\t<section class=\"elementor-section elementor-top-section elementor-element elementor-element-dc5f2fc elementor-section-boxed elementor-section-height-default elementor-section-height-default\" data-id=\"dc5f2fc\" data-element_type=\"section\" data-settings=\"{&quot;jet_parallax_layout_list&quot;:[]}\">\n\t\t\t\t\t\t<div class=\"elementor-container elementor-column-gap-default\">\n\t\t\t\t\t<div class=\"elementor-column elementor-col-100 elementor-top-column elementor-element elementor-element-6a1a188\" data-id=\"6a1a188\" data-element_type=\"column\">\n\t\t\t<div class=\"elementor-widget-wrap elementor-element-populated\">\n\t\t\t\t\t\t<div class=\"elementor-element elementor-element-06242fc elementor-widget elementor-widget-jet-breadcrumbs\" data-id=\"06242fc\" data-element_type=\"widget\" data-widget_type=\"jet-breadcrumbs.default\">\n\t\t\t\t<div class=\"elementor-widget-container\">\n\t\t\t\t\t<div class=\"elementor-jet-breadcrumbs jet-blocks\">\n\t\t<div class=\"jet-breadcrumbs\">\n\t\t<div class=\"jet-breadcrumbs__content\">\n\t\t<div class=\"jet-breadcrumbs__wrap\">\n\t\t<\/div>\n\t\t<\/div>\n\t\t<\/div><\/div>\t\t\t\t<\/div>\n\t\t\t\t<\/div>\n\t\t\t\t\t<\/div>\n\t\t<\/div>\n\t\t\t\t\t<\/div>\n\t\t<\/section>\n\t\t\t\t<section class=\"elementor-section elementor-top-section elementor-element elementor-element-851e221 elementor-section-boxed elementor-section-height-default elementor-section-height-default\" data-id=\"851e221\" data-element_type=\"section\" data-settings=\"{&quot;jet_parallax_layout_list&quot;:[]}\">\n\t\t\t\t\t\t<div class=\"elementor-container elementor-column-gap-default\">\n\t\t\t\t\t<div class=\"elementor-column elementor-col-100 elementor-top-column elementor-element elementor-element-05b9660\" data-id=\"05b9660\" data-element_type=\"column\">\n\t\t\t<div class=\"elementor-widget-wrap elementor-element-populated\">\n\t\t\t\t\t\t<div class=\"elementor-element elementor-element-1aa9764 elementor-widget elementor-widget-spps_person_grid\" data-id=\"1aa9764\" data-element_type=\"widget\" data-widget_type=\"spps_person_grid.default\">\n\t\t\t\t<div class=\"elementor-widget-container\">\n\t\t\t\t\t<div class=\"button-list-wrapper \"><div class=\"button-list-title\"><h3>Comit\u00e9 directeur SP-See<\/h3><\/div><div class=\"button-list-container\"><div class=\"persons persons-grid-2\"><div class=\"persons-items\"><div class=\"persons-item\"><div class=\"person-container\"><div class=\"person-portrait\"><a href=\"https:\/\/sp-see.ch\/fr\/person\/reto-burger\/\"><img decoding=\"async\" src=\"https:\/\/sp-see.ch\/wp-content\/uploads\/sites\/3\/2024\/08\/reto_burger_klein-600x600.jpg?v=1724338279\" alt=\"Reto Burger\" loading=\"lazy\"><\/a><\/div><div class=\"person-content\"><a href=\"https:\/\/sp-see.ch\/fr\/person\/reto-burger\/\" class=\"person-name\"><p><strong>Reto Burger<\/strong><\/p><\/a><p class=\"person-position\">Conseil g\u00e9n\u00e9ral, Morat<\/p><\/div><\/div><\/div><div class=\"persons-item\"><div class=\"person-container\"><div class=\"person-portrait\"><a href=\"https:\/\/sp-see.ch\/fr\/person\/nadine-calislar-bangerter\/\"><img decoding=\"async\" src=\"https:\/\/sp-see.ch\/wp-content\/themes\/sp-ps-elementor-child\/images\/menschen_fallback.jpg\" alt=\"Person Fallback Portrait\" loading=\"lazy\"><\/a><\/div><div class=\"person-content\"><a href=\"https:\/\/sp-see.ch\/fr\/person\/nadine-calislar-bangerter\/\" class=\"person-name\"><p><strong>Nadine Calislar-Bangerter<\/strong><\/p><\/a><p class=\"person-position\">assesseure<\/p><\/div><\/div><\/div><div class=\"persons-item\"><div class=\"person-container\"><div class=\"person-portrait\"><a href=\"https:\/\/sp-see.ch\/fr\/person\/karl-heinz-camp\/\"><img decoding=\"async\" src=\"https:\/\/sp-see.ch\/wp-content\/uploads\/sites\/3\/2024\/08\/22-08-2024_10-20-35-600x600.jpg?v=1724314926\" alt=\"Karl-Heinz Camp\" loading=\"lazy\"><\/a><\/div><div class=\"person-content\"><a href=\"https:\/\/sp-see.ch\/fr\/person\/karl-heinz-camp\/\" class=\"person-name\"><p><strong>Karl-Heinz Camp<\/strong><\/p><\/a><p class=\"person-position\">Conseil g\u00e9n\u00e9ral, Morat<\/p><\/div><\/div><\/div><div class=\"persons-item\"><div class=\"person-container\"><div class=\"person-portrait\"><a href=\"https:\/\/sp-see.ch\/fr\/person\/soraia-jefkaj\/\"><img decoding=\"async\" src=\"https:\/\/sp-see.ch\/wp-content\/uploads\/sites\/3\/2026\/01\/sp_portraits_Soraia_Jefkaj-8013-scaled-e1767705822163-600x600.jpg?v=1767705793\" alt=\"Soraia Jefkaj\" loading=\"lazy\"><\/a><\/div><div class=\"person-content\"><a href=\"https:\/\/sp-see.ch\/fr\/person\/soraia-jefkaj\/\" class=\"person-name\"><p><strong>Soraia Jefkaj<\/strong><\/p><\/a><p class=\"person-position\">Secr\u00e9tariat et membre de la commission culturelle<\/p><\/div><\/div><\/div><div class=\"persons-item\"><div class=\"person-container\"><div class=\"person-portrait\"><a href=\"https:\/\/sp-see.ch\/fr\/person\/adrian-marti\/\"><img decoding=\"async\" src=\"https:\/\/sp-see.ch\/wp-content\/uploads\/sites\/3\/2024\/08\/marti_klein-600x600.jpg?v=1724931513\" alt=\"Adrian Marti\" loading=\"lazy\"><\/a><\/div><div class=\"person-content\"><a href=\"https:\/\/sp-see.ch\/fr\/person\/adrian-marti\/\" class=\"person-name\"><p><strong>Adrian Marti<\/strong><\/p><\/a><p class=\"person-position\">Pr\u00e9sident PS-Lac<\/p><\/div><\/div><\/div><div class=\"persons-item\"><div class=\"person-container\"><div class=\"person-portrait\"><a href=\"https:\/\/sp-see.ch\/fr\/person\/stefan-ruch\/\"><img decoding=\"async\" src=\"https:\/\/sp-see.ch\/wp-content\/uploads\/sites\/3\/2024\/08\/Stefan-600x600.png?v=1724341297\" alt=\"Stefan Ruch\" loading=\"lazy\"><\/a><\/div><div class=\"person-content\"><a href=\"https:\/\/sp-see.ch\/fr\/person\/stefan-ruch\/\" class=\"person-name\"><p><strong>Stefan Ruch<\/strong><\/p><\/a><p class=\"person-position\">assesseur<\/p><\/div><\/div><\/div><div class=\"persons-item\"><div class=\"person-container\"><div class=\"person-portrait\"><a href=\"https:\/\/sp-see.ch\/fr\/person\/alexander-schroeter\/\"><img decoding=\"async\" src=\"https:\/\/sp-see.ch\/wp-content\/uploads\/sites\/3\/2024\/08\/schroeter_kleiner-600x600.jpg?v=1724851656\" alt=\"Alexander Schroeter\" loading=\"lazy\"><\/a><\/div><div class=\"person-content\"><a href=\"https:\/\/sp-see.ch\/fr\/person\/alexander-schroeter\/\" class=\"person-name\"><p><strong>Alexander Schroeter<\/strong><\/p><\/a><p class=\"person-position\">Membre du Grand Conseil et du Conseil communal<\/p><\/div><\/div><\/div><div class=\"persons-item\"><div class=\"person-container\"><div class=\"person-portrait\"><a href=\"https:\/\/sp-see.ch\/fr\/person\/nico-sedonati\/\"><img decoding=\"async\" src=\"https:\/\/sp-see.ch\/wp-content\/themes\/sp-ps-elementor-child\/images\/menschen_fallback.jpg\" alt=\"Person Fallback Portrait\" loading=\"lazy\"><\/a><\/div><div class=\"person-content\"><a href=\"https:\/\/sp-see.ch\/fr\/person\/nico-sedonati\/\" class=\"person-name\"><p><strong>Nico Sedonati<\/strong><\/p><\/a><p class=\"person-position\">caissier<\/p><\/div><\/div><\/div><div class=\"persons-item\"><div class=\"person-container\"><div class=\"person-portrait\"><a href=\"https:\/\/sp-see.ch\/fr\/person\/julia-senti\/\"><img decoding=\"async\" src=\"https:\/\/sp-see.ch\/wp-content\/uploads\/sites\/3\/2024\/08\/senti_nochkleiner-600x600.jpg?v=1724851615\" alt=\"Julia Senti\" loading=\"lazy\"><\/a><\/div><div class=\"person-content\"><a href=\"https:\/\/sp-see.ch\/fr\/person\/julia-senti\/\" class=\"person-name\"><p><strong>Julia Senti<\/strong><\/p><\/a><p class=\"person-position\">D\u00e9put\u00e9e au Grand Conseil et conseill\u00e8re communale<\/p><\/div><\/div><\/div><div class=\"persons-item\"><div class=\"person-container\"><div class=\"person-portrait\"><a href=\"https:\/\/sp-see.ch\/fr\/person\/daniel-wattinger\/\"><img decoding=\"async\" src=\"https:\/\/sp-see.ch\/wp-content\/uploads\/sites\/3\/2024\/08\/Wattinger-Daniel-2021-Website-600x600.jpg?v=1724854582\" alt=\"Daniel Wattinger\" loading=\"lazy\"><\/a><\/div><div class=\"person-content\"><a href=\"https:\/\/sp-see.ch\/fr\/person\/daniel-wattinger\/\" class=\"person-name\"><p><strong>Daniel Wattinger<\/strong><\/p><\/a><p class=\"person-position\">conseil municipal<\/p><ul class=\"person-kontakt list-pills list-pills-grey\"><li><a href=\"tel:+41317560315\">+41 31 756 03 15<\/a><\/li><li><a href=\"mailto:dwattinger@outlook.com\">E-Mail<\/a><\/li><\/ul><\/div><\/div><\/div><div class=\"persons-item\"><div class=\"person-container\"><div class=\"person-portrait\"><a href=\"https:\/\/sp-see.ch\/fr\/person\/mario-wuethrich\/\"><img decoding=\"async\" src=\"https:\/\/sp-see.ch\/wp-content\/uploads\/sites\/3\/2024\/08\/marioklein-600x600.jpg?v=1724854427\" alt=\"Mario W\u00fcthrich\" loading=\"lazy\"><\/a><\/div><div class=\"person-content\"><a href=\"https:\/\/sp-see.ch\/fr\/person\/mario-wuethrich\/\" class=\"person-name\"><p><strong>Mario W\u00fcthrich<\/strong><\/p><\/a><p class=\"person-position\">Conseil communal de Courtepin<\/p><\/div><\/div><\/div><\/div><\/div><\/div><\/div>\t\t\t\t<\/div>\n\t\t\t\t<\/div>\n\t\t\t\t<div class=\"elementor-element elementor-element-94e7834 elementor-widget elementor-widget-spps_person_grid\" data-id=\"94e7834\" data-element_type=\"widget\" data-widget_type=\"spps_person_grid.default\">\n\t\t\t\t<div class=\"elementor-widget-container\">\n\t\t\t\t\t<div class=\"button-list-wrapper \"><div class=\"button-list-title\"><h3>Comit\u00e9 directeur du PS Kerzers<\/h3><\/div><div class=\"button-list-container\"><div class=\"persons persons-grid-2\"><div class=\"persons-items\"><div class=\"persons-item\"><div class=\"person-container\"><div class=\"person-portrait\"><a href=\"https:\/\/sp-see.ch\/fr\/person\/charlotte-stirnimann\/\"><img decoding=\"async\" src=\"https:\/\/sp-see.ch\/wp-content\/themes\/sp-ps-elementor-child\/images\/menschen_fallback.jpg\" alt=\"Person Fallback Portrait\" loading=\"lazy\"><\/a><\/div><div class=\"person-content\"><a href=\"https:\/\/sp-see.ch\/fr\/person\/charlotte-stirnimann\/\" class=\"person-name\"><p><strong>Charlotte Stirnimann<\/strong><\/p><\/a><p class=\"person-position\">Pr\u00e9sidence PS Kerzers \/ Commission de naturalisation (EinB\u00fcKo)<\/p><\/div><\/div><\/div><\/div><\/div><\/div><\/div>\t\t\t\t<\/div>\n\t\t\t\t<\/div>\n\t\t\t\t\t<\/div>\n\t\t<\/div>\n\t\t\t\t\t<\/div>\n\t\t<\/section>\n\t\t\t\t<\/div>\n\t\t","protected":false},"excerpt":{"rendered":"<p>Comit\u00e9 directeur Le comit\u00e9 directeur est responsable de la gestion strat\u00e9gique de la section. Il d\u00e9cide des lignes directrices politiques et des campagnes de votation et d&#8217;\u00e9lection. Comit\u00e9 directeur SP-See [&hellip;]<\/p>\n","protected":false},"author":5,"featured_media":0,"parent":30434,"menu_order":0,"comment_status":"closed","ping_status":"closed","template":"","meta":{"footnotes":""},"class_list":["post-86953","page","type-page","status-publish","hentry"],"_links":{"self":[{"href":"https:\/\/sp-see.ch\/fr\/wp-json\/wp\/v2\/pages\/86953","targetHints":{"allow":["GET"]}}],"collection":[{"href":"https:\/\/sp-see.ch\/fr\/wp-json\/wp\/v2\/pages"}],"about":[{"href":"https:\/\/sp-see.ch\/fr\/wp-json\/wp\/v2\/types\/page"}],"author":[{"embeddable":true,"href":"https:\/\/sp-see.ch\/fr\/wp-json\/wp\/v2\/users\/5"}],"replies":[{"embeddable":true,"href":"https:\/\/sp-see.ch\/fr\/wp-json\/wp\/v2\/comments?post=86953"}],"version-history":[{"count":3,"href":"https:\/\/sp-see.ch\/fr\/wp-json\/wp\/v2\/pages\/86953\/revisions"}],"predecessor-version":[{"id":90359,"href":"https:\/\/sp-see.ch\/fr\/wp-json\/wp\/v2\/pages\/86953\/revisions\/90359"}],"up":[{"embeddable":true,"href":"https:\/\/sp-see.ch\/fr\/wp-json\/wp\/v2\/pages\/30434"}],"wp:attachment":[{"href":"https:\/\/sp-see.ch\/fr\/wp-json\/wp\/v2\/media?parent=86953"}],"curies":[{"name":"wp","href":"https:\/\/api.w.org\/{rel}","templated":true}]}}