{"id":86949,"date":"2023-05-31T15:46:40","date_gmt":"2023-05-31T13:46:40","guid":{"rendered":"https:\/\/spbe.spschweiz.ch\/personnes\/conseil-national\/"},"modified":"2026-01-09T15:49:01","modified_gmt":"2026-01-09T14:49:01","slug":"conseil-national","status":"publish","type":"page","link":"https:\/\/sp-see.ch\/fr\/conseil-national\/","title":{"rendered":"fonctionnaires"},"content":{"rendered":"\t\t<div data-elementor-type=\"wp-page\" data-elementor-id=\"86949\" class=\"elementor elementor-86949 elementor-84156\" data-elementor-post-type=\"page\">\n\t\t\t\t\t\t<section class=\"elementor-section elementor-top-section elementor-element elementor-element-157fedb elementor-section-boxed elementor-section-height-default elementor-section-height-default\" data-id=\"157fedb\" data-element_type=\"section\" data-settings=\"{&quot;jet_parallax_layout_list&quot;:[],&quot;background_background&quot;:&quot;classic&quot;}\">\n\t\t\t\t\t\t<div class=\"elementor-container elementor-column-gap-wide\">\n\t\t\t\t\t<div class=\"elementor-column elementor-col-100 elementor-top-column elementor-element elementor-element-8bba0f7\" data-id=\"8bba0f7\" data-element_type=\"column\">\n\t\t\t<div class=\"elementor-widget-wrap elementor-element-populated\">\n\t\t\t\t\t\t<div class=\"elementor-element elementor-element-d230d29 elementor-widget elementor-widget-heading\" data-id=\"d230d29\" data-element_type=\"widget\" data-widget_type=\"heading.default\">\n\t\t\t\t<div class=\"elementor-widget-container\">\n\t\t\t\t\t<h1 class=\"elementor-heading-title elementor-size-default\">fonctionnaires<\/h1>\t\t\t\t<\/div>\n\t\t\t\t<\/div>\n\t\t\n\t\t<div class=\"elementor-element elementor-element-aaf0674 elementor-widget__width-initial elementor-widget elementor-widget-text-editor\" data-id=\"aaf0674\" data-element_type=\"widget\" data-widget_type=\"text-editor.default\">\n\t\t\t\t<div class=\"elementor-widget-container\">\n\t\t\t\t\t\t\t\t\t<p>Le PS See est repr\u00e9sent\u00e9 \u00e0 plusieurs niveaux. Au niveau cantonal au Grand Conseil et au niveau communal au conseil municipal, au conseil g\u00e9n\u00e9ral et dans les commissions.<\/p>\n\t\t\t\t\t\t\t\t<\/div>\n\t\t\t\t<\/div>\n\t\t\t\t\t<\/div>\n\t\t<\/div>\n\t\t\t\t\t<\/div>\n\t\t<\/section>\n\t\t\t\t<section class=\"elementor-section elementor-top-section elementor-element elementor-element-b04fb41 elementor-section-boxed elementor-section-height-default elementor-section-height-default\" data-id=\"b04fb41\" data-element_type=\"section\" data-settings=\"{&quot;jet_parallax_layout_list&quot;:[]}\">\n\t\t\t\t\t\t<div class=\"elementor-container elementor-column-gap-default\">\n\t\t\t\t\t<div class=\"elementor-column elementor-col-100 elementor-top-column elementor-element elementor-element-42484dc\" data-id=\"42484dc\" data-element_type=\"column\">\n\t\t\t<div class=\"elementor-widget-wrap elementor-element-populated\">\n\t\t\t\t\t\t<div class=\"elementor-element elementor-element-9550ac1 elementor-widget elementor-widget-spps_person_grid\" data-id=\"9550ac1\" data-element_type=\"widget\" data-widget_type=\"spps_person_grid.default\">\n\t\t\t\t<div class=\"elementor-widget-container\">\n\t\t\t\t\t<div class=\"button-list-wrapper wrapper-spacing-small\"><div class=\"button-list-title\"><h3>Grand Conseil<\/h3><\/div><div class=\"button-list-container\"><div class=\"persons persons-grid-2\"><div class=\"persons-items\"><div class=\"persons-item\"><div class=\"person-container\"><div class=\"person-portrait\"><a href=\"https:\/\/sp-see.ch\/fr\/person\/alexander-schroeter\/\"><img decoding=\"async\" src=\"https:\/\/sp-see.ch\/wp-content\/uploads\/sites\/3\/2024\/08\/schroeter_kleiner-600x600.jpg?v=1724851656\" alt=\"Alexander Schroeter\" loading=\"lazy\"><\/a><\/div><div class=\"person-content\"><a href=\"https:\/\/sp-see.ch\/fr\/person\/alexander-schroeter\/\" class=\"person-name\"><p><strong>Alexander Schroeter<\/strong><\/p><\/a><p class=\"person-position\">Membre du Grand Conseil et du Conseil communal<\/p><\/div><\/div><\/div><div class=\"persons-item\"><div class=\"person-container\"><div class=\"person-portrait\"><a href=\"https:\/\/sp-see.ch\/fr\/person\/julia-senti\/\"><img decoding=\"async\" src=\"https:\/\/sp-see.ch\/wp-content\/uploads\/sites\/3\/2024\/08\/senti_nochkleiner-600x600.jpg?v=1724851615\" alt=\"Julia Senti\" loading=\"lazy\"><\/a><\/div><div class=\"person-content\"><a href=\"https:\/\/sp-see.ch\/fr\/person\/julia-senti\/\" class=\"person-name\"><p><strong>Julia Senti<\/strong><\/p><\/a><p class=\"person-position\">D\u00e9put\u00e9e au Grand Conseil et conseill\u00e8re communale<\/p><\/div><\/div><\/div><\/div><\/div><\/div><\/div>\t\t\t\t<\/div>\n\t\t\t\t<\/div>\n\t\t\t\t<div class=\"elementor-element elementor-element-efa4405 elementor-widget elementor-widget-spps_person_grid\" data-id=\"efa4405\" data-element_type=\"widget\" data-widget_type=\"spps_person_grid.default\">\n\t\t\t\t<div class=\"elementor-widget-container\">\n\t\t\t\t\t<div class=\"button-list-wrapper wrapper-spacing-small\"><div class=\"button-list-title\"><h3>Conseil municipal de Morat<\/h3><\/div><div class=\"button-list-container\"><div class=\"persons persons-grid-2\"><div class=\"persons-items\"><div class=\"persons-item\"><div class=\"person-container\"><div class=\"person-portrait\"><a href=\"https:\/\/sp-see.ch\/fr\/person\/alexander-schroeter\/\"><img decoding=\"async\" src=\"https:\/\/sp-see.ch\/wp-content\/uploads\/sites\/3\/2024\/08\/schroeter_kleiner-600x600.jpg?v=1724851656\" alt=\"Alexander Schroeter\" loading=\"lazy\"><\/a><\/div><div class=\"person-content\"><a href=\"https:\/\/sp-see.ch\/fr\/person\/alexander-schroeter\/\" class=\"person-name\"><p><strong>Alexander Schroeter<\/strong><\/p><\/a><p class=\"person-position\">Membre du Grand Conseil et du Conseil communal<\/p><\/div><\/div><\/div><div class=\"persons-item\"><div class=\"person-container\"><div class=\"person-portrait\"><a href=\"https:\/\/sp-see.ch\/fr\/person\/julia-senti\/\"><img decoding=\"async\" src=\"https:\/\/sp-see.ch\/wp-content\/uploads\/sites\/3\/2024\/08\/senti_nochkleiner-600x600.jpg?v=1724851615\" alt=\"Julia Senti\" loading=\"lazy\"><\/a><\/div><div class=\"person-content\"><a href=\"https:\/\/sp-see.ch\/fr\/person\/julia-senti\/\" class=\"person-name\"><p><strong>Julia Senti<\/strong><\/p><\/a><p class=\"person-position\">D\u00e9put\u00e9e au Grand Conseil et conseill\u00e8re communale<\/p><\/div><\/div><\/div><\/div><\/div><\/div><\/div>\t\t\t\t<\/div>\n\t\t\t\t<\/div>\n\t\t\t\t<div class=\"elementor-element elementor-element-5e5765c elementor-widget elementor-widget-spps_person_grid\" data-id=\"5e5765c\" data-element_type=\"widget\" data-widget_type=\"spps_person_grid.default\">\n\t\t\t\t<div class=\"elementor-widget-container\">\n\t\t\t\t\t<div class=\"button-list-wrapper wrapper-spacing-small\"><div class=\"button-list-title\"><h3>Conseil municipal de Kerzers<\/h3><\/div><div class=\"button-list-container\"><div class=\"persons persons-grid-2\"><div class=\"persons-items\"><div class=\"persons-item\"><div class=\"person-container\"><div class=\"person-portrait\"><a href=\"https:\/\/sp-see.ch\/fr\/person\/daniel-wattinger\/\"><img decoding=\"async\" src=\"https:\/\/sp-see.ch\/wp-content\/uploads\/sites\/3\/2024\/08\/Wattinger-Daniel-2021-Website-600x600.jpg?v=1724854582\" alt=\"Daniel Wattinger\" loading=\"lazy\"><\/a><\/div><div class=\"person-content\"><a href=\"https:\/\/sp-see.ch\/fr\/person\/daniel-wattinger\/\" class=\"person-name\"><p><strong>Daniel Wattinger<\/strong><\/p><\/a><p class=\"person-position\">conseil municipal<\/p><ul class=\"person-kontakt list-pills list-pills-grey\"><li><a href=\"tel:+41317560315\">+41 31 756 03 15<\/a><\/li><li><a href=\"mailto:dwattinger@outlook.com\">E-Mail<\/a><\/li><\/ul><\/div><\/div><\/div><\/div><\/div><\/div><\/div>\t\t\t\t<\/div>\n\t\t\t\t<\/div>\n\t\t\t\t<div class=\"elementor-element elementor-element-a34119c elementor-widget elementor-widget-spps_person_grid\" data-id=\"a34119c\" data-element_type=\"widget\" data-widget_type=\"spps_person_grid.default\">\n\t\t\t\t<div class=\"elementor-widget-container\">\n\t\t\t\t\t<div class=\"button-list-wrapper wrapper-spacing-small\"><div class=\"button-list-title\"><h3>Conseil g\u00e9n\u00e9ral de Morat<\/h3><\/div><div class=\"button-list-container\"><div class=\"persons persons-grid-2\"><div class=\"persons-items\"><div class=\"persons-item\"><div class=\"person-container\"><div class=\"person-portrait\"><a href=\"https:\/\/sp-see.ch\/fr\/person\/daniel-bruegger\/\"><img decoding=\"async\" src=\"https:\/\/sp-see.ch\/wp-content\/uploads\/sites\/3\/2024\/08\/bruegger_klein-600x600.jpg?v=1724746208\" alt=\"Daniel Br\u00fcgger\" loading=\"lazy\"><\/a><\/div><div class=\"person-content\"><a href=\"https:\/\/sp-see.ch\/fr\/person\/daniel-bruegger\/\" class=\"person-name\"><p><strong>Daniel Br\u00fcgger<\/strong><\/p><\/a><p class=\"person-position\">Conseil g\u00e9n\u00e9ral, Morat<\/p><\/div><\/div><\/div><div class=\"persons-item\"><div class=\"person-container\"><div class=\"person-portrait\"><a href=\"https:\/\/sp-see.ch\/fr\/person\/reto-burger\/\"><img decoding=\"async\" src=\"https:\/\/sp-see.ch\/wp-content\/uploads\/sites\/3\/2024\/08\/reto_burger_klein-600x600.jpg?v=1724338279\" alt=\"Reto Burger\" loading=\"lazy\"><\/a><\/div><div class=\"person-content\"><a href=\"https:\/\/sp-see.ch\/fr\/person\/reto-burger\/\" class=\"person-name\"><p><strong>Reto Burger<\/strong><\/p><\/a><p class=\"person-position\">Conseil g\u00e9n\u00e9ral, Morat<\/p><\/div><\/div><\/div><div class=\"persons-item\"><div class=\"person-container\"><div class=\"person-portrait\"><a href=\"https:\/\/sp-see.ch\/fr\/person\/karl-heinz-camp\/\"><img decoding=\"async\" src=\"https:\/\/sp-see.ch\/wp-content\/uploads\/sites\/3\/2024\/08\/22-08-2024_10-20-35-600x600.jpg?v=1724314926\" alt=\"Karl-Heinz Camp\" loading=\"lazy\"><\/a><\/div><div class=\"person-content\"><a href=\"https:\/\/sp-see.ch\/fr\/person\/karl-heinz-camp\/\" class=\"person-name\"><p><strong>Karl-Heinz Camp<\/strong><\/p><\/a><p class=\"person-position\">Conseil g\u00e9n\u00e9ral, Morat<\/p><\/div><\/div><\/div><div class=\"persons-item\"><div class=\"person-container\"><div class=\"person-portrait\"><a href=\"https:\/\/sp-see.ch\/fr\/person\/tim-camp\/\"><img decoding=\"async\" src=\"https:\/\/sp-see.ch\/wp-content\/uploads\/sites\/3\/2024\/08\/camp_kleiner-600x600.jpg?v=1724338507\" alt=\"Tim Camp\" loading=\"lazy\"><\/a><\/div><div class=\"person-content\"><a href=\"https:\/\/sp-see.ch\/fr\/person\/tim-camp\/\" class=\"person-name\"><p><strong>Tim Camp<\/strong><\/p><\/a><p class=\"person-position\">Conseil g\u00e9n\u00e9ral, Morat<\/p><\/div><\/div><\/div><div class=\"persons-item\"><div class=\"person-container\"><div class=\"person-portrait\"><a href=\"https:\/\/sp-see.ch\/fr\/person\/peter-cuony\/\"><img decoding=\"async\" src=\"https:\/\/sp-see.ch\/wp-content\/uploads\/sites\/3\/2024\/08\/cuony_kleiner-600x600.jpg?v=1724338582\" alt=\"Peter Cuony\" loading=\"lazy\"><\/a><\/div><div class=\"person-content\"><a href=\"https:\/\/sp-see.ch\/fr\/person\/peter-cuony\/\" class=\"person-name\"><p><strong>Peter Cuony<\/strong><\/p><\/a><p class=\"person-position\">Conseil g\u00e9n\u00e9ral, Morat<\/p><\/div><\/div><\/div><div class=\"persons-item\"><div class=\"person-container\"><div class=\"person-portrait\"><a href=\"https:\/\/sp-see.ch\/fr\/person\/catherine-gartmann\/\"><img decoding=\"async\" src=\"https:\/\/sp-see.ch\/wp-content\/uploads\/sites\/3\/2024\/08\/gartmann_klein-600x600.jpg?v=1724746300\" alt=\"Catherine Gartmann\" loading=\"lazy\"><\/a><\/div><div class=\"person-content\"><a href=\"https:\/\/sp-see.ch\/fr\/person\/catherine-gartmann\/\" class=\"person-name\"><p><strong>Catherine Gartmann<\/strong><\/p><\/a><p class=\"person-position\">Conseill\u00e8re g\u00e9n\u00e9rale, Morat<\/p><\/div><\/div><\/div><div class=\"persons-item\"><div class=\"person-container\"><div class=\"person-portrait\"><a href=\"https:\/\/sp-see.ch\/fr\/person\/glenda-guillaume-gentil\/\"><img decoding=\"async\" src=\"https:\/\/sp-see.ch\/wp-content\/uploads\/sites\/3\/2024\/08\/glenda_klein-600x600.jpg?v=1724746194\" alt=\"Glenda Guillaume-Gentil\" loading=\"lazy\"><\/a><\/div><div class=\"person-content\"><a href=\"https:\/\/sp-see.ch\/fr\/person\/glenda-guillaume-gentil\/\" class=\"person-name\"><p><strong>Glenda Guillaume-Gentil<\/strong><\/p><\/a><p class=\"person-position\">Conseill\u00e8re g\u00e9n\u00e9rale, Morat<\/p><\/div><\/div><\/div><div class=\"persons-item\"><div class=\"person-container\"><div class=\"person-portrait\"><a href=\"https:\/\/sp-see.ch\/fr\/person\/pascal-kaenzig\/\"><img decoding=\"async\" src=\"https:\/\/sp-see.ch\/wp-content\/uploads\/sites\/3\/2024\/08\/kaenzig_kleiner-600x600.jpg?v=1724338646\" alt=\"Pascal K\u00e4nzig\" loading=\"lazy\"><\/a><\/div><div class=\"person-content\"><a href=\"https:\/\/sp-see.ch\/fr\/person\/pascal-kaenzig\/\" class=\"person-name\"><p><strong>Pascal K\u00e4nzig<\/strong><\/p><\/a><p class=\"person-position\">Conseil g\u00e9n\u00e9ral, Morat<\/p><\/div><\/div><\/div><div class=\"persons-item\"><div class=\"person-container\"><div class=\"person-portrait\"><a href=\"https:\/\/sp-see.ch\/fr\/person\/andreas-podaril\/\"><img decoding=\"async\" src=\"https:\/\/sp-see.ch\/wp-content\/uploads\/sites\/3\/2024\/08\/andreas_podaril_klein-600x600.jpg?v=1724338287\" alt=\"Andreas Podaril\" loading=\"lazy\"><\/a><\/div><div class=\"person-content\"><a href=\"https:\/\/sp-see.ch\/fr\/person\/andreas-podaril\/\" class=\"person-name\"><p><strong>Andreas Podaril<\/strong><\/p><\/a><p class=\"person-position\">Conseil g\u00e9n\u00e9ral, Morat<\/p><\/div><\/div><\/div><div class=\"persons-item\"><div class=\"person-container\"><div class=\"person-portrait\"><a href=\"https:\/\/sp-see.ch\/fr\/person\/bernhard-wieland\/\"><img decoding=\"async\" src=\"https:\/\/sp-see.ch\/wp-content\/uploads\/sites\/3\/2024\/08\/berni_wieland_klein-600x600.jpg?v=1724338290\" alt=\"Bernhard - Berni Wieland\" loading=\"lazy\"><\/a><\/div><div class=\"person-content\"><a href=\"https:\/\/sp-see.ch\/fr\/person\/bernhard-wieland\/\" class=\"person-name\"><p><strong>Bernhard - Berni Wieland<\/strong><\/p><\/a><p class=\"person-position\">Conseil g\u00e9n\u00e9ral, Salvenach \/ Membre de la commission de naturalisation<\/p><\/div><\/div><\/div><div class=\"persons-item\"><div class=\"person-container\"><div class=\"person-portrait\"><a href=\"https:\/\/sp-see.ch\/fr\/person\/ronny-von-siebenthal\/\"><img decoding=\"async\" src=\"https:\/\/sp-see.ch\/wp-content\/uploads\/sites\/3\/2024\/08\/ronny_klein-600x600.jpg?v=1724746222\" alt=\"Ronny von Siebenthal\" loading=\"lazy\"><\/a><\/div><div class=\"person-content\"><a href=\"https:\/\/sp-see.ch\/fr\/person\/ronny-von-siebenthal\/\" class=\"person-name\"><p><strong>Ronny von Siebenthal<\/strong><\/p><\/a><p class=\"person-position\">Conseil g\u00e9n\u00e9ral, Salvenach <\/p><\/div><\/div><\/div><\/div><\/div><\/div><\/div>\t\t\t\t<\/div>\n\t\t\t\t<\/div>\n\t\t\t\t<div class=\"elementor-element elementor-element-b331dd0 elementor-widget elementor-widget-spps_person_grid\" data-id=\"b331dd0\" data-element_type=\"widget\" data-widget_type=\"spps_person_grid.default\">\n\t\t\t\t<div class=\"elementor-widget-container\">\n\t\t\t\t\t<div class=\"button-list-wrapper wrapper-spacing-small\"><div class=\"button-list-title\"><h3>Membres de la commission Kerzers<\/h3><\/div><div class=\"button-list-container\"><div class=\"persons persons-grid-2\"><div class=\"persons-items\"><div class=\"persons-item\"><div class=\"person-container\"><div class=\"person-portrait\"><a href=\"https:\/\/sp-see.ch\/fr\/person\/evelyn-aubry\/\"><img decoding=\"async\" src=\"https:\/\/sp-see.ch\/wp-content\/themes\/sp-ps-elementor-child\/images\/menschen_fallback.jpg\" alt=\"Person Fallback Portrait\" loading=\"lazy\"><\/a><\/div><div class=\"person-content\"><a href=\"https:\/\/sp-see.ch\/fr\/person\/evelyn-aubry\/\" class=\"person-name\"><p><strong>Evelyn Aubry<\/strong><\/p><\/a><p class=\"person-position\">Commission scolaire (SchuKo)<\/p><\/div><\/div><\/div><div class=\"persons-item\"><div class=\"person-container\"><div class=\"person-portrait\"><a href=\"https:\/\/sp-see.ch\/fr\/person\/daisy-bucher\/\"><img decoding=\"async\" src=\"https:\/\/sp-see.ch\/wp-content\/themes\/sp-ps-elementor-child\/images\/menschen_fallback.jpg\" alt=\"Person Fallback Portrait\" loading=\"lazy\"><\/a><\/div><div class=\"person-content\"><a href=\"https:\/\/sp-see.ch\/fr\/person\/daisy-bucher\/\" class=\"person-name\"><p><strong>Daisy Bucher<\/strong><\/p><\/a><p class=\"person-position\">Commission sociale (SoKo)<\/p><\/div><\/div><\/div><div class=\"persons-item\"><div class=\"person-container\"><div class=\"person-portrait\"><a href=\"https:\/\/sp-see.ch\/fr\/person\/andreas-buecheler\/\"><img decoding=\"async\" src=\"https:\/\/sp-see.ch\/wp-content\/themes\/sp-ps-elementor-child\/images\/menschen_fallback.jpg\" alt=\"Person Fallback Portrait\" loading=\"lazy\"><\/a><\/div><div class=\"person-content\"><a href=\"https:\/\/sp-see.ch\/fr\/person\/andreas-buecheler\/\" class=\"person-name\"><p><strong>Andreas B\u00fccheler<\/strong><\/p><\/a><p class=\"person-position\">Commission des finances (FiKo)<\/p><\/div><\/div><\/div><div class=\"persons-item\"><div class=\"person-container\"><div class=\"person-portrait\"><a href=\"https:\/\/sp-see.ch\/fr\/person\/alain-gerster\/\"><img decoding=\"async\" src=\"https:\/\/sp-see.ch\/wp-content\/themes\/sp-ps-elementor-child\/images\/menschen_fallback.jpg\" alt=\"Person Fallback Portrait\" loading=\"lazy\"><\/a><\/div><div class=\"person-content\"><a href=\"https:\/\/sp-see.ch\/fr\/person\/alain-gerster\/\" class=\"person-name\"><p><strong>Alain Gerster<\/strong><\/p><\/a><p class=\"person-position\">Commission des travaux publics (TiKo) \/ Commission de la jeunesse (JuKo)<\/p><\/div><\/div><\/div><div class=\"persons-item\"><div class=\"person-container\"><div class=\"person-portrait\"><a href=\"https:\/\/sp-see.ch\/fr\/person\/martin-habenicht\/\"><img decoding=\"async\" src=\"https:\/\/sp-see.ch\/wp-content\/themes\/sp-ps-elementor-child\/images\/menschen_fallback.jpg\" alt=\"Person Fallback Portrait\" loading=\"lazy\"><\/a><\/div><div class=\"person-content\"><a href=\"https:\/\/sp-see.ch\/fr\/person\/martin-habenicht\/\" class=\"person-name\"><p><strong>Martin Habenicht<\/strong><\/p><\/a><p class=\"person-position\">Membre de la commission de planification (PlaKo)<\/p><\/div><\/div><\/div><div class=\"persons-item\"><div class=\"person-container\"><div class=\"person-portrait\"><a href=\"https:\/\/sp-see.ch\/fr\/person\/charlotte-stirnimann\/\"><img decoding=\"async\" src=\"https:\/\/sp-see.ch\/wp-content\/themes\/sp-ps-elementor-child\/images\/menschen_fallback.jpg\" alt=\"Person Fallback Portrait\" loading=\"lazy\"><\/a><\/div><div class=\"person-content\"><a href=\"https:\/\/sp-see.ch\/fr\/person\/charlotte-stirnimann\/\" class=\"person-name\"><p><strong>Charlotte Stirnimann<\/strong><\/p><\/a><p class=\"person-position\">Pr\u00e9sidence PS Kerzers \/ Commission de naturalisation (EinB\u00fcKo)<\/p><\/div><\/div><\/div><div class=\"persons-item\"><div class=\"person-container\"><div class=\"person-portrait\"><a href=\"https:\/\/sp-see.ch\/fr\/person\/pierre-alain-sydler\/\"><img decoding=\"async\" src=\"https:\/\/sp-see.ch\/wp-content\/themes\/sp-ps-elementor-child\/images\/menschen_fallback.jpg\" alt=\"Person Fallback Portrait\" loading=\"lazy\"><\/a><\/div><div class=\"person-content\"><a href=\"https:\/\/sp-see.ch\/fr\/person\/pierre-alain-sydler\/\" class=\"person-name\"><p><strong>Pierre-Alain Sydler<\/strong><\/p><\/a><p class=\"person-position\">Commission environnementale (UmKo) \/ Commission de promotion \u00e9conomique (WiF\u00f6Ko)<\/p><\/div><\/div><\/div><div class=\"persons-item\"><div class=\"person-container\"><div class=\"person-portrait\"><a href=\"https:\/\/sp-see.ch\/fr\/person\/daniela-testa\/\"><img decoding=\"async\" src=\"https:\/\/sp-see.ch\/wp-content\/themes\/sp-ps-elementor-child\/images\/menschen_fallback.jpg\" alt=\"Person Fallback Portrait\" loading=\"lazy\"><\/a><\/div><div class=\"person-content\"><a href=\"https:\/\/sp-see.ch\/fr\/person\/daniela-testa\/\" class=\"person-name\"><p><strong>Daniela Testa<\/strong><\/p><\/a><p class=\"person-position\">Commission de la sant\u00e9 et de l'assistance (GeBeKo)<\/p><\/div><\/div><\/div><\/div><\/div><\/div><\/div>\t\t\t\t<\/div>\n\t\t\t\t<\/div>\n\t\t\t\t<div class=\"elementor-element elementor-element-faed573 elementor-widget elementor-widget-spps_person_grid\" data-id=\"faed573\" data-element_type=\"widget\" data-widget_type=\"spps_person_grid.default\">\n\t\t\t\t<div class=\"elementor-widget-container\">\n\t\t\t\t\t<div class=\"button-list-wrapper wrapper-spacing-small\"><div class=\"button-list-title\"><h3>Membres de la commission Morat<\/h3><\/div><div class=\"button-list-container\"><div class=\"persons persons-grid-2\"><div class=\"persons-items\"><div class=\"persons-item\"><div class=\"person-container\"><div class=\"person-portrait\"><a href=\"https:\/\/sp-see.ch\/fr\/person\/90324\/\"><img decoding=\"async\" src=\"https:\/\/sp-see.ch\/wp-content\/themes\/sp-ps-elementor-child\/images\/menschen_fallback.jpg\" alt=\"Person Fallback Portrait\" loading=\"lazy\"><\/a><\/div><div class=\"person-content\"><a href=\"https:\/\/sp-see.ch\/fr\/person\/90324\/\" class=\"person-name\"><p><strong>Doris Aeberhardt<\/strong><\/p><\/a><p class=\"person-position\">Membre de la commission sociale<\/p><\/div><\/div><\/div><div class=\"persons-item\"><div class=\"person-container\"><div class=\"person-portrait\"><a href=\"https:\/\/sp-see.ch\/fr\/person\/soraia-jefkaj\/\"><img decoding=\"async\" src=\"https:\/\/sp-see.ch\/wp-content\/uploads\/sites\/3\/2026\/01\/sp_portraits_Soraia_Jefkaj-8013-scaled-e1767705822163-600x600.jpg?v=1767705793\" alt=\"Soraia Jefkaj\" loading=\"lazy\"><\/a><\/div><div class=\"person-content\"><a href=\"https:\/\/sp-see.ch\/fr\/person\/soraia-jefkaj\/\" class=\"person-name\"><p><strong>Soraia Jefkaj<\/strong><\/p><\/a><p class=\"person-position\">Secr\u00e9tariat et membre de la commission culturelle<\/p><\/div><\/div><\/div><div class=\"persons-item\"><div class=\"person-container\"><div class=\"person-portrait\"><a href=\"https:\/\/sp-see.ch\/fr\/person\/bernhard-wieland\/\"><img decoding=\"async\" src=\"https:\/\/sp-see.ch\/wp-content\/uploads\/sites\/3\/2024\/08\/berni_wieland_klein-600x600.jpg?v=1724338290\" alt=\"Bernhard - Berni Wieland\" loading=\"lazy\"><\/a><\/div><div class=\"person-content\"><a href=\"https:\/\/sp-see.ch\/fr\/person\/bernhard-wieland\/\" class=\"person-name\"><p><strong>Bernhard - Berni Wieland<\/strong><\/p><\/a><p class=\"person-position\">Conseil g\u00e9n\u00e9ral, Salvenach \/ Membre de la commission de naturalisation<\/p><\/div><\/div><\/div><\/div><\/div><\/div><\/div>\t\t\t\t<\/div>\n\t\t\t\t<\/div>\n\t\t\t\t\t<\/div>\n\t\t<\/div>\n\t\t\t\t\t<\/div>\n\t\t<\/section>\n\t\t\t\t<\/div>\n\t\t","protected":false},"excerpt":{"rendered":"<p>fonctionnaires Le PS See est repr\u00e9sent\u00e9 \u00e0 plusieurs niveaux. Au niveau cantonal au Grand Conseil et au niveau communal au conseil municipal, au conseil g\u00e9n\u00e9ral et dans les commissions. Grand [&hellip;]<\/p>\n","protected":false},"author":5,"featured_media":0,"parent":0,"menu_order":0,"comment_status":"closed","ping_status":"closed","template":"","meta":{"footnotes":""},"class_list":["post-86949","page","type-page","status-publish","hentry"],"_links":{"self":[{"href":"https:\/\/sp-see.ch\/fr\/wp-json\/wp\/v2\/pages\/86949","targetHints":{"allow":["GET"]}}],"collection":[{"href":"https:\/\/sp-see.ch\/fr\/wp-json\/wp\/v2\/pages"}],"about":[{"href":"https:\/\/sp-see.ch\/fr\/wp-json\/wp\/v2\/types\/page"}],"author":[{"embeddable":true,"href":"https:\/\/sp-see.ch\/fr\/wp-json\/wp\/v2\/users\/5"}],"replies":[{"embeddable":true,"href":"https:\/\/sp-see.ch\/fr\/wp-json\/wp\/v2\/comments?post=86949"}],"version-history":[{"count":3,"href":"https:\/\/sp-see.ch\/fr\/wp-json\/wp\/v2\/pages\/86949\/revisions"}],"predecessor-version":[{"id":90354,"href":"https:\/\/sp-see.ch\/fr\/wp-json\/wp\/v2\/pages\/86949\/revisions\/90354"}],"wp:attachment":[{"href":"https:\/\/sp-see.ch\/fr\/wp-json\/wp\/v2\/media?parent=86949"}],"curies":[{"name":"wp","href":"https:\/\/api.w.org\/{rel}","templated":true}]}}