{"id":86947,"date":"2023-05-31T15:45:26","date_gmt":"2023-05-31T13:45:26","guid":{"rendered":"https:\/\/spbe.spschweiz.ch\/personnes\/conseil-des-etats\/"},"modified":"2023-05-31T15:45:26","modified_gmt":"2023-05-31T13:45:26","slug":"conseil-des-etats","status":"publish","type":"page","link":"https:\/\/sp-see.ch\/fr\/personnes\/conseil-des-etats\/","title":{"rendered":"Conseil des Etats"},"content":{"rendered":"\t\t<div data-elementor-type=\"wp-page\" data-elementor-id=\"86947\" class=\"elementor elementor-86947\" data-elementor-post-type=\"page\">\n\t\t\t\t\t\t<section class=\"elementor-section elementor-top-section elementor-element elementor-element-f494b7a elementor-section-boxed elementor-section-height-default elementor-section-height-default\" data-id=\"f494b7a\" data-element_type=\"section\" data-settings=\"{&quot;jet_parallax_layout_list&quot;:[],&quot;background_background&quot;:&quot;classic&quot;}\">\n\t\t\t\t\t\t<div class=\"elementor-container elementor-column-gap-wide\">\n\t\t\t\t\t<div class=\"elementor-column elementor-col-100 elementor-top-column elementor-element elementor-element-bc880b8\" data-id=\"bc880b8\" data-element_type=\"column\">\n\t\t\t<div class=\"elementor-widget-wrap elementor-element-populated\">\n\t\t\t\t\t\t<div class=\"elementor-element elementor-element-9e10bfa elementor-widget elementor-widget-heading\" data-id=\"9e10bfa\" data-element_type=\"widget\" data-widget_type=\"heading.default\">\n\t\t\t\t<div class=\"elementor-widget-container\">\n\t\t\t\t\t<h1 class=\"elementor-heading-title elementor-size-default\">Conseil des Etats<\/h1>\t\t\t\t<\/div>\n\t\t\t\t<\/div>\n\t\t\n\t\t<div class=\"elementor-element elementor-element-bd21e13 elementor-widget elementor-widget-jet-breadcrumbs\" data-id=\"bd21e13\" data-element_type=\"widget\" data-widget_type=\"jet-breadcrumbs.default\">\n\t\t\t\t<div class=\"elementor-widget-container\">\n\t\t\t\t\t<div class=\"elementor-jet-breadcrumbs jet-blocks\">\n\t\t<div class=\"jet-breadcrumbs\">\n\t\t<div class=\"jet-breadcrumbs__content\">\n\t\t<div class=\"jet-breadcrumbs__wrap\">\n\t\t<\/div>\n\t\t<\/div>\n\t\t<\/div><\/div>\t\t\t\t<\/div>\n\t\t\t\t<\/div>\n\t\t\t\t<div class=\"elementor-element elementor-element-db72d9f elementor-widget__width-initial elementor-widget elementor-widget-text-editor\" data-id=\"db72d9f\" data-element_type=\"widget\" data-widget_type=\"text-editor.default\">\n\t\t\t\t<div class=\"elementor-widget-container\">\n\t\t\t\t\t\t\t\t\t<p>Le canton de Berne et sa population sont repr\u00e9sent\u00e9s au Palais f\u00e9d\u00e9ral par 2 membres du Conseil des Etats et 24\u00a0conseill\u00e8res et conseillers nationaux. Le PS compte un membre du Conseil des Etats, trois conseill\u00e8res nationales et trois conseillers nationaux. Autres informations au sujet du Conseil national et du Conseil des Etats<\/p>\n\t\t\t\t\t\t\t\t<\/div>\n\t\t\t\t<\/div>\n\t\t\t\t\t<\/div>\n\t\t<\/div>\n\t\t\t\t\t<\/div>\n\t\t<\/section>\n\t\t\t\t<section class=\"elementor-section elementor-top-section elementor-element elementor-element-8c15de0 elementor-section-boxed elementor-section-height-default elementor-section-height-default\" data-id=\"8c15de0\" data-element_type=\"section\" data-settings=\"{&quot;jet_parallax_layout_list&quot;:[]}\">\n\t\t\t\t\t\t<div class=\"elementor-container elementor-column-gap-default\">\n\t\t\t\t\t<div class=\"elementor-column elementor-col-100 elementor-top-column elementor-element elementor-element-49297b2\" data-id=\"49297b2\" data-element_type=\"column\">\n\t\t\t<div class=\"elementor-widget-wrap elementor-element-populated\">\n\t\t\t\t\t\t<div class=\"elementor-element elementor-element-c6d1a32 elementor-widget elementor-widget-spps_person_grid\" data-id=\"c6d1a32\" data-element_type=\"widget\" data-widget_type=\"spps_person_grid.default\">\n\t\t\t\t<div class=\"elementor-widget-container\">\n\t\t\t\t\t<div class=\"button-list-wrapper wrapper-spacing-default\"><div class=\"button-list-container\"><p>Es wurden keine Personen gefunden.<\/p><\/div><\/div>\t\t\t\t<\/div>\n\t\t\t\t<\/div>\n\t\t\t\t\t<\/div>\n\t\t<\/div>\n\t\t\t\t\t<\/div>\n\t\t<\/section>\n\t\t\t\t<\/div>\n\t\t","protected":false},"excerpt":{"rendered":"<p>Conseil des Etats Le canton de Berne et sa population sont repr\u00e9sent\u00e9s au Palais f\u00e9d\u00e9ral par 2 membres du Conseil des Etats et 24\u00a0conseill\u00e8res et conseillers nationaux. Le PS compte [&hellip;]<\/p>\n","protected":false},"author":5,"featured_media":0,"parent":30434,"menu_order":0,"comment_status":"closed","ping_status":"closed","template":"","meta":{"footnotes":""},"class_list":["post-86947","page","type-page","status-publish","hentry"],"_links":{"self":[{"href":"https:\/\/sp-see.ch\/fr\/wp-json\/wp\/v2\/pages\/86947","targetHints":{"allow":["GET"]}}],"collection":[{"href":"https:\/\/sp-see.ch\/fr\/wp-json\/wp\/v2\/pages"}],"about":[{"href":"https:\/\/sp-see.ch\/fr\/wp-json\/wp\/v2\/types\/page"}],"author":[{"embeddable":true,"href":"https:\/\/sp-see.ch\/fr\/wp-json\/wp\/v2\/users\/5"}],"replies":[{"embeddable":true,"href":"https:\/\/sp-see.ch\/fr\/wp-json\/wp\/v2\/comments?post=86947"}],"version-history":[{"count":1,"href":"https:\/\/sp-see.ch\/fr\/wp-json\/wp\/v2\/pages\/86947\/revisions"}],"predecessor-version":[{"id":86948,"href":"https:\/\/sp-see.ch\/fr\/wp-json\/wp\/v2\/pages\/86947\/revisions\/86948"}],"up":[{"embeddable":true,"href":"https:\/\/sp-see.ch\/fr\/wp-json\/wp\/v2\/pages\/30434"}],"wp:attachment":[{"href":"https:\/\/sp-see.ch\/fr\/wp-json\/wp\/v2\/media?parent=86947"}],"curies":[{"name":"wp","href":"https:\/\/api.w.org\/{rel}","templated":true}]}}