
{"id":30436,"date":"2022-06-30T15:03:30","date_gmt":"2022-06-30T13:03:30","guid":{"rendered":"https:\/\/test.sp-ps.ch\/personnes\/collaborateur-trice-s\/"},"modified":"2023-12-14T13:12:36","modified_gmt":"2023-12-14T12:12:36","slug":"collaborateur-trice-s","status":"publish","type":"page","link":"https:\/\/sp-see.ch\/fr\/parti\/collaborateur-trice-s\/","title":{"rendered":"Secr\u00e9tariat"},"content":{"rendered":"\t\t<div data-elementor-type=\"wp-page\" data-elementor-id=\"30436\" class=\"elementor elementor-30436\" data-elementor-post-type=\"page\">\n\t\t\t\t\t\t<section class=\"elementor-section elementor-top-section elementor-element elementor-element-dbd97c0 elementor-section-boxed elementor-section-height-default elementor-section-height-default\" data-id=\"dbd97c0\" data-element_type=\"section\" data-settings=\"{&quot;jet_parallax_layout_list&quot;:[],&quot;background_background&quot;:&quot;classic&quot;}\">\n\t\t\t\t\t\t<div class=\"elementor-container elementor-column-gap-wide\">\n\t\t\t\t\t<div class=\"elementor-column elementor-col-100 elementor-top-column elementor-element elementor-element-f43c7da\" data-id=\"f43c7da\" data-element_type=\"column\">\n\t\t\t<div class=\"elementor-widget-wrap elementor-element-populated\">\n\t\t\t\t\t\t<div class=\"elementor-element elementor-element-991e3d9 elementor-widget__width-initial elementor-widget elementor-widget-text-editor\" data-id=\"991e3d9\" data-element_type=\"widget\" data-widget_type=\"text-editor.default\">\n\t\t\t\t<div class=\"elementor-widget-container\">\n\t\t\t\t\t\t\t\t\t<p>Le secr\u00e9tariat est responsable de la mise en application du travail du parti et de la coordination des activit\u00e9s avec les sections. Le Secr\u00e9tariat emploie cinq personnes \u00e0 temps partiel pour tout le canton.<\/p>\n\t\t\t\t\t\t\t\t<\/div>\n\t\t\t\t<\/div>\n\t\t\t\t\t<\/div>\n\t\t<\/div>\n\t\t\t\t\t<\/div>\n\t\t<\/section>\n\t\t\t\t<section class=\"elementor-section elementor-top-section elementor-element elementor-element-e8b5348 elementor-section-boxed elementor-section-height-default elementor-section-height-default\" data-id=\"e8b5348\" data-element_type=\"section\" data-settings=\"{&quot;jet_parallax_layout_list&quot;:[]}\">\n\t\t\t\t\t\t<div class=\"elementor-container elementor-column-gap-default\">\n\t\t\t\t\t<div class=\"elementor-column elementor-col-100 elementor-top-column elementor-element elementor-element-948a312\" data-id=\"948a312\" data-element_type=\"column\">\n\t\t\t<div class=\"elementor-widget-wrap elementor-element-populated\">\n\t\t\t\t\t\t<div class=\"elementor-element elementor-element-8431e38 elementor-widget elementor-widget-spps_person_grid\" data-id=\"8431e38\" data-element_type=\"widget\" data-widget_type=\"spps_person_grid.default\">\n\t\t\t\t<div class=\"elementor-widget-container\">\n\t\t\t\t\t<div class=\"button-list-wrapper wrapper-spacing-default\"><div class=\"button-list-container\"><p>Es wurden keine Personen gefunden.<\/p><\/div><\/div>\t\t\t\t<\/div>\n\t\t\t\t<\/div>\n\t\t\t\t\t<\/div>\n\t\t<\/div>\n\t\t\t\t\t<\/div>\n\t\t<\/section>\n\t\t\t\t<\/div>\n\t\t","protected":false},"excerpt":{"rendered":"<p>Le secr\u00e9tariat est responsable de la mise en application du travail du parti et de la coordination des activit\u00e9s avec les sections. Le Secr\u00e9tariat emploie cinq personnes \u00e0 temps partiel [&hellip;]<\/p>\n","protected":false},"author":1,"featured_media":0,"parent":30425,"menu_order":3,"comment_status":"closed","ping_status":"closed","template":"","meta":{"footnotes":""},"class_list":["post-30436","page","type-page","status-publish","hentry"],"_links":{"self":[{"href":"https:\/\/sp-see.ch\/fr\/wp-json\/wp\/v2\/pages\/30436","targetHints":{"allow":["GET"]}}],"collection":[{"href":"https:\/\/sp-see.ch\/fr\/wp-json\/wp\/v2\/pages"}],"about":[{"href":"https:\/\/sp-see.ch\/fr\/wp-json\/wp\/v2\/types\/page"}],"author":[{"embeddable":true,"href":"https:\/\/sp-see.ch\/fr\/wp-json\/wp\/v2\/users\/1"}],"replies":[{"embeddable":true,"href":"https:\/\/sp-see.ch\/fr\/wp-json\/wp\/v2\/comments?post=30436"}],"version-history":[{"count":9,"href":"https:\/\/sp-see.ch\/fr\/wp-json\/wp\/v2\/pages\/30436\/revisions"}],"predecessor-version":[{"id":87887,"href":"https:\/\/sp-see.ch\/fr\/wp-json\/wp\/v2\/pages\/30436\/revisions\/87887"}],"up":[{"embeddable":true,"href":"https:\/\/sp-see.ch\/fr\/wp-json\/wp\/v2\/pages\/30425"}],"wp:attachment":[{"href":"https:\/\/sp-see.ch\/fr\/wp-json\/wp\/v2\/media?parent=30436"}],"curies":[{"name":"wp","href":"https:\/\/api.w.org\/{rel}","templated":true}]}}