{"id":30422,"date":"2022-01-06T11:57:46","date_gmt":"2022-01-06T10:57:46","guid":{"rendered":"https:\/\/test.sp-ps.ch\/faire-un-don\/"},"modified":"2025-08-26T17:28:53","modified_gmt":"2025-08-26T15:28:53","slug":"faire-un-don","status":"publish","type":"page","link":"https:\/\/sp-see.ch\/fr\/faire-un-don\/","title":{"rendered":"Faire un don"},"content":{"rendered":"\t\t<div data-elementor-type=\"wp-page\" data-elementor-id=\"30422\" class=\"elementor elementor-30422 elementor-28\" data-elementor-post-type=\"page\">\n\t\t\t\t\t\t<section class=\"elementor-section elementor-top-section elementor-element elementor-element-19edffd3 elementor-section-boxed elementor-section-height-default elementor-section-height-default\" data-id=\"19edffd3\" data-element_type=\"section\" data-settings=\"{&quot;jet_parallax_layout_list&quot;:[],&quot;background_background&quot;:&quot;classic&quot;}\">\n\t\t\t\t\t\t<div class=\"elementor-container elementor-column-gap-wide\">\n\t\t\t\t\t<div class=\"elementor-column elementor-col-100 elementor-top-column elementor-element elementor-element-4ddb66ce\" data-id=\"4ddb66ce\" data-element_type=\"column\">\n\t\t\t<div class=\"elementor-widget-wrap elementor-element-populated\">\n\t\t\t\t\t\t<div class=\"elementor-element elementor-element-7a798d3f elementor-widget elementor-widget-heading\" data-id=\"7a798d3f\" data-element_type=\"widget\" data-widget_type=\"heading.default\">\n\t\t\t\t<div class=\"elementor-widget-container\">\n\t\t\t\t\t<h1 class=\"elementor-heading-title elementor-size-default\">Faire un don<\/h1>\t\t\t\t<\/div>\n\t\t\t\t<\/div>\n\t\t\n\t\t<div class=\"elementor-element elementor-element-1e9f2696 elementor-widget elementor-widget-jet-breadcrumbs\" data-id=\"1e9f2696\" data-element_type=\"widget\" data-widget_type=\"jet-breadcrumbs.default\">\n\t\t\t\t<div class=\"elementor-widget-container\">\n\t\t\t\t\t<div class=\"elementor-jet-breadcrumbs jet-blocks\">\n\t\t<div class=\"jet-breadcrumbs\">\n\t\t<div class=\"jet-breadcrumbs__content\">\n\t\t<div class=\"jet-breadcrumbs__wrap\">\n\t\t<\/div>\n\t\t<\/div>\n\t\t<\/div><\/div>\t\t\t\t<\/div>\n\t\t\t\t<\/div>\n\t\t\t\t<div class=\"elementor-element elementor-element-4a5a6be elementor-widget elementor-widget-text-editor\" data-id=\"4a5a6be\" data-element_type=\"widget\" data-widget_type=\"text-editor.default\">\n\t\t\t\t<div class=\"elementor-widget-container\">\n\t\t\t\t\t\t\t\t\t<p>Pour pouvoir financer nos projets ainsi que nos campagnes \u00e9lectorales et de votation, nous d\u00e9pendons des donations. C&#8217;est ainsi que nous pouvons faire face aux millions d\u00e9pens\u00e9s par les associations \u00e9conomiques et les lobbies. Le PS vous serait donc tr\u00e8s reconnaissant de votre don.<\/p>\t\t\t\t\t\t\t\t<\/div>\n\t\t\t\t<\/div>\n\t\t\t\t\t<\/div>\n\t\t<\/div>\n\t\t\t\t\t<\/div>\n\t\t<\/section>\n\t\t\t\t<section class=\"elementor-section elementor-top-section elementor-element elementor-element-41a2144 elementor-section-boxed elementor-section-height-default elementor-section-height-default\" data-id=\"41a2144\" data-element_type=\"section\" data-settings=\"{&quot;jet_parallax_layout_list&quot;:[]}\">\n\t\t\t\t\t\t<div class=\"elementor-container elementor-column-gap-wide\">\n\t\t\t\t\t<div class=\"elementor-column elementor-col-100 elementor-top-column elementor-element elementor-element-244e3f1\" data-id=\"244e3f1\" data-element_type=\"column\">\n\t\t\t<div class=\"elementor-widget-wrap\">\n\t\t\t\t\t\t\t<\/div>\n\t\t<\/div>\n\t\t\t\t\t<\/div>\n\t\t<\/section>\n\t\t\t\t<section class=\"elementor-section elementor-top-section elementor-element elementor-element-03164dd elementor-section-boxed elementor-section-height-default elementor-section-height-default\" data-id=\"03164dd\" data-element_type=\"section\" data-settings=\"{&quot;jet_parallax_layout_list&quot;:[]}\">\n\t\t\t\t\t\t<div class=\"elementor-container elementor-column-gap-wide\">\n\t\t\t\t\t<div class=\"elementor-column elementor-col-100 elementor-top-column elementor-element elementor-element-595feef\" data-id=\"595feef\" data-element_type=\"column\">\n\t\t\t<div class=\"elementor-widget-wrap elementor-element-populated\">\n\t\t\t\t\t\t<div class=\"elementor-element elementor-element-9f75b47 elementor-widget elementor-widget-spps_title_text\" data-id=\"9f75b47\" data-element_type=\"widget\" data-widget_type=\"spps_title_text.default\">\n\t\t\t\t<div class=\"elementor-widget-container\">\n\t\t\t\t\t<div class=\"title-text-wrapper \"><div class=\"title-text-title\"><h3>Compte pour les dons<\/h3><\/div><div class=\"title-text-container\"><div class=\"title-text-text\"><div class=\"button-list-title\"><h3><span style=\"font-size: 16px;\">Faire un don<\/span><\/h3><\/div><div class=\"button-list-container\"><div class=\"button-list-text\"><p>SP See - PS Lac<br \/>Adrian Marti<br \/>Pr\u00e9sident<br \/>Gotthelfstrasse 18<br \/>3280 Murten<\/p><p>ou via info@sp-see.ch<\/p><h6>Verser des dons<\/h6><p>Sozialdemokratische Partei<br \/>Clubkonto<br \/>3210 Kerzers<br \/>PC 23-243039-5<br \/>IBAN CH37 0900 0000 2324 3039 5<\/p><\/div><\/div><\/div><\/div><\/div>\t\t\t\t<\/div>\n\t\t\t\t<\/div>\n\t\t\t\t\t<\/div>\n\t\t<\/div>\n\t\t\t\t\t<\/div>\n\t\t<\/section>\n\t\t\t\t<\/div>\n\t\t","protected":false},"excerpt":{"rendered":"<p>Faire un don Pour pouvoir financer nos projets ainsi que nos campagnes \u00e9lectorales et de votation, nous d\u00e9pendons des donations. C&#8217;est ainsi que nous pouvons faire face aux millions d\u00e9pens\u00e9s [&hellip;]<\/p>\n","protected":false},"author":1,"featured_media":0,"parent":0,"menu_order":6,"comment_status":"closed","ping_status":"closed","template":"","meta":{"footnotes":""},"class_list":["post-30422","page","type-page","status-publish","hentry"],"_links":{"self":[{"href":"https:\/\/sp-see.ch\/fr\/wp-json\/wp\/v2\/pages\/30422","targetHints":{"allow":["GET"]}}],"collection":[{"href":"https:\/\/sp-see.ch\/fr\/wp-json\/wp\/v2\/pages"}],"about":[{"href":"https:\/\/sp-see.ch\/fr\/wp-json\/wp\/v2\/types\/page"}],"author":[{"embeddable":true,"href":"https:\/\/sp-see.ch\/fr\/wp-json\/wp\/v2\/users\/1"}],"replies":[{"embeddable":true,"href":"https:\/\/sp-see.ch\/fr\/wp-json\/wp\/v2\/comments?post=30422"}],"version-history":[{"count":13,"href":"https:\/\/sp-see.ch\/fr\/wp-json\/wp\/v2\/pages\/30422\/revisions"}],"predecessor-version":[{"id":90000,"href":"https:\/\/sp-see.ch\/fr\/wp-json\/wp\/v2\/pages\/30422\/revisions\/90000"}],"wp:attachment":[{"href":"https:\/\/sp-see.ch\/fr\/wp-json\/wp\/v2\/media?parent=30422"}],"curies":[{"name":"wp","href":"https:\/\/api.w.org\/{rel}","templated":true}]}}